{"id":75,"date":"2020-01-16T21:36:33","date_gmt":"2020-01-16T20:36:33","guid":{"rendered":"http:\/\/www.zsczudec.pl\/?page_id=75"},"modified":"2025-05-08T08:21:18","modified_gmt":"2025-05-08T06:21:18","slug":"egzaminy-zawodowe","status":"publish","type":"page","link":"https:\/\/www.zsczudec.pl\/?page_id=75","title":{"rendered":"Egzaminy zawodowe"},"content":{"rendered":"\n<figure class=\"wp-block-image size-large\"><img fetchpriority=\"high\" decoding=\"async\" width=\"724\" height=\"1024\" src=\"http:\/\/www.zsczudec.pl\/wp-content\/uploads\/harmonogram-egz-24-NA-STRONE-1-724x1024.jpg\" alt=\"\" class=\"wp-image-2576\" srcset=\"https:\/\/www.zsczudec.pl\/wp-content\/uploads\/harmonogram-egz-24-NA-STRONE-1-724x1024.jpg 724w, https:\/\/www.zsczudec.pl\/wp-content\/uploads\/harmonogram-egz-24-NA-STRONE-1-212x300.jpg 212w, https:\/\/www.zsczudec.pl\/wp-content\/uploads\/harmonogram-egz-24-NA-STRONE-1-768x1086.jpg 768w, https:\/\/www.zsczudec.pl\/wp-content\/uploads\/harmonogram-egz-24-NA-STRONE-1-1086x1536.jpg 1086w, https:\/\/www.zsczudec.pl\/wp-content\/uploads\/harmonogram-egz-24-NA-STRONE-1-1448x2048.jpg 1448w, https:\/\/www.zsczudec.pl\/wp-content\/uploads\/harmonogram-egz-24-NA-STRONE-1-1000x1414.jpg 1000w, https:\/\/www.zsczudec.pl\/wp-content\/uploads\/harmonogram-egz-24-NA-STRONE-1-230x325.jpg 230w, https:\/\/www.zsczudec.pl\/wp-content\/uploads\/harmonogram-egz-24-NA-STRONE-1-350x495.jpg 350w, https:\/\/www.zsczudec.pl\/wp-content\/uploads\/harmonogram-egz-24-NA-STRONE-1-480x679.jpg 480w, https:\/\/www.zsczudec.pl\/wp-content\/uploads\/harmonogram-egz-24-NA-STRONE-1-scaled.jpg 1810w\" sizes=\"(max-width: 724px) 100vw, 724px\" \/><\/figure>\n\n\n<p>\u00a0<\/p>\n<p style=\"margin-bottom: 0cm;\" align=\"CENTER\"><b>Egzamin zawodowy sk\u0142ada si\u0119 z dw\u00f3ch cz\u0119\u015bci:<\/b><\/p>\n<ul>\n<li>\n<p style=\"margin-top: 0.18cm; margin-bottom: 0.18cm; line-height: 100%;\"><b>Pisemny<\/b><b> &#8211; <\/b>na zdanie cz\u0119\u015bci pisemnej zawsze jest dok\u0142adnie 1 godzina. W tym czasie trzeba rozwi\u0105za\u0107 test z\u0142o\u017cony z 40 pyta\u0144. Wa\u017cne, \u017ce ka\u017cde pytanie ma tylko jedn\u0105 poprawn\u0105 odpowied\u017a! Pr\u00f3g zdawalno\u015bci to co najmniej 50% punkt\u00f3w (czyli trzeba poprawnie odpowiedzie\u0107 na przynajmniej 20 pyta\u0144)<\/p>\n<\/li>\n<\/ul>\n<ul>\n<li>\n<p style=\"margin-top: 0.18cm; margin-bottom: 0.18cm; line-height: 100%;\"><b>Praktyczny<\/b><b> &#8211; <\/b>na zdanie cz\u0119\u015bci praktycznej komisja przeznacza 120-240 minut (limit zale\u017cy od kwalifikacji zawodowej). Do zdania cz\u0119\u015bci praktycznej trzeba uzyska\u0107 przynajmniej 75% punkt\u00f3w.<\/p>\n<\/li>\n<\/ul>\n<p style=\"margin-left: 1.27cm; margin-top: 0.18cm; margin-bottom: 0.18cm; line-height: 100%;\"><b>Informacje dotycz\u0105ce Egzaminu Zawodowego<\/b><\/p>\n<p style=\"margin-left: 1.27cm; margin-top: 0.18cm; margin-bottom: 0.18cm; line-height: 100%;\"><b>\u00a0<\/b><\/p>\n<p style=\"margin-bottom: 0cm;\" align=\"JUSTIFY\"><a href=\"https:\/\/www.oke.krakow.pl\/inf\/staticpages\/index.php?page=20190829120704482\"><b>https:\/\/www.oke.krakow.pl\/inf\/staticpages\/index.php?page=20190829120704482<\/b><\/a><\/p>\n<p style=\"margin-bottom: 0cm;\" align=\"JUSTIFY\"><a href=\"https:\/\/cke.gov.pl\/egzamin-zawodowy\/egzamin-zawodowy-formula-2019\/o-egzaminie\/\"><b>https:\/\/cke.gov.pl\/egzamin-zawodowy\/egzamin-zawodowy-formula-2019\/o-egzaminie\/<\/b><\/a><\/p>\n<p style=\"margin-bottom: 0cm;\" align=\"JUSTIFY\"><a href=\"https:\/\/cke.gov.pl\/egzamin-zawodowy\/egzamin-zawodowy-formula-2019\/informatory-wyposazenie-osrodkow\/informatory\/\"><b>https:\/\/cke.gov.pl\/egzamin-zawodowy\/egzamin-zawodowy-formula-2019\/informatory-wyposazenie-osrodkow\/informatory\/<\/b><\/a><\/p>\n<p style=\"margin-bottom: 0cm;\" align=\"JUSTIFY\"><a href=\"https:\/\/cke.gov.pl\/egzamin-zawodowy\/egzamin-zawodowy-formula-2019\/jawne-zadania-egzaminacyjne-czesc-praktyczna\"><b>https:\/\/cke.gov.pl\/egzamin-zawodowy\/egzamin-zawodowy-formula-2019\/jawne-zadania-egzaminacyjne-czesc-praktyczna<\/b><\/a><\/p>\n<p style=\"margin-bottom: 0cm;\" align=\"CENTER\"><a href=\"https:\/\/www.zsczudec.pl\/?page_id=328\">Nauka w technikum trwa obecnie pi\u0119\u0107 lat. W jej trakcie ucze\u0144 jest przygotowywany do egzaminu maturalnego na poziomie podstawowym i rozszerzonym. Istotn\u0105 rol\u0119 odgrywa kszta\u0142cenie zawodowe (teoretyczne i praktyczne). W ci\u0105gu pi\u0119ciu lat, ucze\u0144 zdaje egzaminy z dw\u00f3ch kwalifikacji, a po ich zdaniu uzyskuje dyplom potwierdzaj\u0105cy kwalifikacje zawodowe, przewidziany dla danego zawodu.<\/a><\/p>\n<p style=\"margin-bottom: 0cm; line-height: 100%;\"><b>TECHNIK \u017bYWIENIA I US\u0141UG GASTRONOMICZNYCH 343404<\/b><\/p>\n<p style=\"margin-bottom: 0cm; line-height: 100%;\"><b>\u00a0<\/b><\/p>\n<p style=\"margin-bottom: 0cm; line-height: 100%;\"><u>KWALIFIKACJE WYODR\u0118BNIONE W ZAWODZIE<\/u><\/p>\n<p style=\"margin-bottom: 0cm; line-height: 100%;\"><u>\u00a0<\/u><\/p>\n<p style=\"margin-bottom: 0cm; line-height: 100%;\">HGT.02. Przygotowanie i wydawanie da\u0144<\/p>\n<p style=\"margin-bottom: 0cm; line-height: 100%;\">HGT.12. Organizacja \u017cywienia i us\u0142ug gastronomicznych<\/p>\n<p style=\"margin-bottom: 0cm; line-height: 100%;\"><u>CELE KSZTA\u0141CENIA<\/u><\/p>\n<p style=\"margin-bottom: 0cm; line-height: 100%;\"><u>\u00a0<\/u><\/p>\n<p style=\"margin-bottom: 0cm; line-height: 100%;\">Absolwent szko\u0142y prowadz\u0105cej kszta\u0142cenie w zawodzie technik \u017cywienia i us\u0142ug gastronomicznych powinien by\u0107 przygotowany do wykonywania zada\u0144 zawodowych:<\/p>\n<p style=\"margin-bottom: 0cm; line-height: 100%;\"><b>1) w zakresie kwalifikacji HGT.02. Przygotowanie i wydawanie da\u0144:<\/b><\/p>\n<p style=\"margin-bottom: 0cm; line-height: 100%;\">a) oceniania jako\u015bci produkt\u00f3w,<\/p>\n<p style=\"margin-bottom: 0cm; line-height: 100%;\">b) przechowywania \u017cywno\u015bci,<\/p>\n<p style=\"margin-bottom: 0cm; line-height: 100%;\">c) obr\u00f3bki produkt\u00f3w i przygotowania stanowiska pracy,<\/p>\n<p style=\"margin-bottom: 0cm; line-height: 100%;\">d) obs\u0142ugi sprz\u0119tu gastronomicznego,<\/p>\n<p style=\"margin-bottom: 0cm; line-height: 100%;\">e) przygotowania da\u0144 zimnych, gor\u0105cych i podstawowych deser\u00f3w,<\/p>\n<p style=\"margin-bottom: 0cm; line-height: 100%;\">f) wydawania da\u0144;<\/p>\n<p style=\"margin-bottom: 0cm; line-height: 100%;\"><b>2) w zakresie kwalifikacji HGT.12. Organizacja \u017cywienia i us\u0142ug gastronomicznych:<\/b><\/p>\n<p style=\"margin-bottom: 0cm; line-height: 100%;\">a) oceniania jako\u015bci \u017cywno\u015bci,<\/p>\n<p style=\"margin-bottom: 0cm; line-height: 100%;\">b) planowania \u017cywienia z uwzgl\u0119dnieniem alternatywnego sposobu \u017cywienia,<\/p>\n<p style=\"margin-bottom: 0cm; line-height: 100%;\">c) organizowania \u017cywienia w produkcji gastronomicznej,<\/p>\n<p style=\"margin-bottom: 0cm; line-height: 100%;\">d) wykonywania us\u0142ug gastronomicznych,<\/p>\n<p style=\"margin-bottom: 0cm; line-height: 100%;\">e) ekspedycji potraw i napoj\u00f3w.<\/p>\n<p style=\"margin-bottom: 0cm; line-height: 100%;\"><b>TECHNIK HOTELARSTWA 422402<\/b><\/p>\n<p style=\"margin-bottom: 0cm; line-height: 100%;\"><b>\u00a0<\/b><\/p>\n<p style=\"margin-bottom: 0cm; line-height: 100%;\"><u>KWALIFIKACJE WYODR\u0118BNIONE W ZAWODZIE<\/u><\/p>\n<p style=\"margin-bottom: 0cm; line-height: 100%;\"><u>\u00a0<\/u><\/p>\n<p style=\"margin-bottom: 0cm; line-height: 100%;\">HGT.03. Obs\u0142uga go\u015bci w obiekcie \u015bwiadcz\u0105cym us\u0142ugi hotelarskie<\/p>\n<p style=\"margin-bottom: 0cm; line-height: 100%;\">HGT.06. Realizacja us\u0142ug w recepcji<\/p>\n<p style=\"margin-bottom: 0cm; line-height: 100%;\"><u>CELE KSZTA\u0141CENIA<\/u><\/p>\n<p style=\"margin-bottom: 0cm; line-height: 100%;\"><u>\u00a0<\/u><\/p>\n<p style=\"margin-bottom: 0cm; line-height: 100%;\">Absolwent szko\u0142y prowadz\u0105cej kszta\u0142cenie w zawodzie technik hotelarstwa powinien by\u0107 przygotowany do wykonywania zada\u0144 zawodowych:<\/p>\n<p style=\"margin-bottom: 0cm; line-height: 100%;\"><b>1) w zakresie kwalifikacji HGT.03. Obs\u0142uga go\u015bci w obiekcie \u015bwiadcz\u0105cym us\u0142ugi hotelarskie:<\/b><\/p>\n<p style=\"margin-bottom: 0cm; line-height: 100%;\">a) utrzymywania czysto\u015bci i porz\u0105dku w obiekcie \u015bwiadcz\u0105cym us\u0142ugi hotelarskie,<\/p>\n<p style=\"margin-bottom: 0cm; line-height: 100%;\">b) przygotowywania i podawania \u015bniada\u0144,<\/p>\n<p style=\"margin-bottom: 0cm; line-height: 100%;\">c) organizowania us\u0142ug dodatkowych w obiekcie \u015bwiadcz\u0105cym us\u0142ugi hotelarskie;<\/p>\n<p style=\"margin-bottom: 0cm; line-height: 100%;\"><b>2) w zakresie kwalifikacji HGT.06. Realizacja us\u0142ug w recepcji:<\/b><\/p>\n<p style=\"margin-bottom: 0cm; line-height: 100%;\">a) rezerwacji us\u0142ug hotelarskich,<\/p>\n<p style=\"margin-bottom: 0cm; line-height: 100%;\">b) obs\u0142ugi go\u015bci w recepcji.<\/p>\n<p style=\"margin-bottom: 0cm; line-height: 100%;\"><b>TECHNIK BUDOWNICTWA 311204<\/b><\/p>\n<p style=\"margin-bottom: 0cm; line-height: 100%;\"><b>\u00a0<\/b><\/p>\n<p style=\"margin-bottom: 0cm; line-height: 100%;\"><u>KWALIFIKACJE WYODR\u0118BNIONE W ZAWODZIE<\/u><\/p>\n<p style=\"margin-bottom: 0cm; line-height: 100%;\"><u>\u00a0<\/u><\/p>\n<p style=\"margin-bottom: 0cm; line-height: 100%;\">BUD.12. Wykonywanie rob\u00f3t murarskich i tynkarskich<\/p>\n<p style=\"margin-bottom: 0cm; line-height: 100%;\">BUD.14. Organizacja i kontrola rob\u00f3t budowlanych oraz sporz\u0105dzanie kosztorys\u00f3w<\/p>\n<p style=\"margin-bottom: 0cm; line-height: 100%;\"><u style=\"font-size: medium; font-family: 'Times New Roman', serif; color: #000000;\">CELE KSZTA\u0141CENIA<\/u><\/p>\n<p style=\"margin-bottom: 0cm; line-height: 100%;\"><u style=\"font-size: medium; font-family: 'Times New Roman', serif; color: #000000;\">\u00a0<\/u><\/p>\n<p style=\"margin-bottom: 0cm; line-height: 100%;\">Absolwent szko\u0142y prowadz\u0105cej kszta\u0142cenie w zawodzie technik budownictwa powinien by\u0107 przygotowany do wykonywania zada\u0144 zawodowych:<\/p>\n<p style=\"margin-bottom: 0cm; line-height: 100%;\"><b>1) w zakresie kwalifikacji BUD.12. Wykonywanie rob\u00f3t murarskich i tynkarskich:<\/b><\/p>\n<p style=\"margin-bottom: 0cm; line-height: 100%;\">a) wykonywania zapraw murarskich, tynkarskich i mieszanek betonowych,<\/p>\n<p style=\"margin-bottom: 0cm; line-height: 100%;\">b) wykonywania murowanych konstrukcji budowlanych,<\/p>\n<p style=\"margin-bottom: 0cm; line-height: 100%;\">c) wykonywania i naprawa tynk\u00f3w wewn\u0119trznych i zewn\u0119trznych,<\/p>\n<p style=\"margin-bottom: 0cm; line-height: 100%;\">d) wykonywania remont\u00f3w i rozbi\u00f3rki murowanych konstrukcji budowlanych;<\/p>\n<p style=\"margin-bottom: 0cm; line-height: 100%;\"><b>2) w zakresie kwalifikacji BUD.14.Organizacja i kontrola rob\u00f3t budowlanych oraz sporz\u0105dzanie kosztorys\u00f3w:<\/b><\/p>\n<p style=\"margin-bottom: 0cm; line-height: 100%;\">a) organizowania i kontrolowania rob\u00f3t zwi\u0105zanych z zagospodarowaniem terenu budowy,<\/p>\n<p style=\"margin-bottom: 0cm; line-height: 100%;\">b) organizowania i kontrolowania rob\u00f3t konstrukcyjno-budowlanych stanu surowego,<\/p>\n<p style=\"margin-bottom: 0cm; line-height: 100%;\">c) organizowania i kontrolowania budowlanych rob\u00f3t wyko\u0144czeniowych,<\/p>\n<p style=\"margin-bottom: 0cm; line-height: 100%;\">d) organizowania i kontrolowania rob\u00f3t zwi\u0105zanych z utrzymaniem obiekt\u00f3w budowlanych w pe\u0142nej<\/p>\n<p style=\"margin-bottom: 0cm; line-height: 100%;\">sprawno\u015bci technicznej,<\/p>\n<p style=\"margin-bottom: 0cm; line-height: 100%;\">e) sporz\u0105dzania kosztorys\u00f3w rob\u00f3t budowlanych.<\/p>\n<p style=\"margin-bottom: 0cm; line-height: 100%;\"><b>TECHNIK ROB\u00d3T WYKO\u0143CZENIOWYCH W BUDOWNICTWIE 311219<\/b><\/p>\n<p style=\"margin-bottom: 0cm; line-height: 100%;\"><b>\u00a0<\/b><\/p>\n<p style=\"margin-bottom: 0cm; line-height: 100%;\"><u>KWALIFIKACJE WYODR\u0118BNIONE W ZAWODZIE<\/u><\/p>\n<p style=\"margin-bottom: 0cm; line-height: 100%;\"><u>\u00a0<\/u><\/p>\n<p style=\"margin-bottom: 0cm; line-height: 100%;\">BUD.11. Wykonywanie rob\u00f3t monta\u017cowych, ok\u0142adzinowych i wyko\u0144czeniowych<\/p>\n<p style=\"margin-bottom: 0cm; line-height: 100%;\">BUD.25. Organizacja, kontrola i sporz\u0105dzanie kosztorys\u00f3w rob\u00f3t wyko\u0144czeniowych w budownictwie<\/p>\n<p style=\"margin-bottom: 0cm; line-height: 100%;\"><u>CELE KSZTA\u0141CENIA<\/u><\/p>\n<p style=\"margin-bottom: 0cm; line-height: 100%;\"><u>\u00a0<\/u><\/p>\n<p style=\"margin-bottom: 0cm; line-height: 100%;\">Absolwent szko\u0142y prowadz\u0105cej kszta\u0142cenie w zawodzie technik rob\u00f3t wyko\u0144czeniowych <br \/>w budownictwie powinien by\u0107 przygotowany do wykonywania zada\u0144 zawodowych:<\/p>\n<p style=\"margin-bottom: 0cm; line-height: 100%;\"><b>1) w zakresie kwalifikacji BUD.11. Wykonywanie rob\u00f3t monta\u017cowych, ok\u0142adzinowych <br \/>i wyko\u0144czeniowych:<\/b><\/p>\n<p style=\"margin-bottom: 0cm; line-height: 100%;\">a) montowania system\u00f3w suchej zabudowy,<\/p>\n<p style=\"margin-bottom: 0cm; line-height: 100%;\">b) wykonywania rob\u00f3t malarskich,<\/p>\n<p style=\"margin-bottom: 0cm; line-height: 100%;\">c) wykonywania rob\u00f3t tapeciarskich,<\/p>\n<p style=\"margin-bottom: 0cm; line-height: 100%;\">d) wykonywania rob\u00f3t posadzkarskich,<\/p>\n<p style=\"margin-bottom: 0cm; line-height: 100%;\">e) wykonywania rob\u00f3t ok\u0142adzinowych;<\/p>\n<p style=\"margin-bottom: 0cm; line-height: 100%;\"><b>2) w zakresie kwalifikacji BUD.25. Organizacja, kontrola i sporz\u0105dzanie kosztorys\u00f3w rob\u00f3t wyko\u0144czeniowych w budownictwie:<\/b><\/p>\n<p style=\"margin-bottom: 0cm; line-height: 100%;\">a) organizowania i kontrolowania rob\u00f3t zwi\u0105zanych z zagospodarowaniem terenu budowy,<\/p>\n<p style=\"margin-bottom: 0cm; line-height: 100%;\">b) koordynowania prac zwi\u0105zanych z wykonywaniem rob\u00f3t wyko\u0144czeniowych w budownictwie,<\/p>\n<p style=\"margin-bottom: 0cm; line-height: 100%;\">c) organizowania i kontrolowania rob\u00f3t wyko\u0144czeniowych prowadzonych w obiektach budowlanych,<\/p>\n<p style=\"margin-bottom: 0cm; line-height: 100%;\">d) sporz\u0105dzania kosztorys\u00f3w rob\u00f3t wyko\u0144czeniowych w budownictwie.<\/p>\n<p style=\"margin-bottom: 0cm; line-height: 100%;\"><b>TECHNIK ARCHITEKTURY KRAJOBRAZU 314202<\/b><\/p>\n<p style=\"margin-bottom: 0cm; line-height: 100%;\"><b>\u00a0<\/b><\/p>\n<p style=\"margin-bottom: 0cm; line-height: 100%;\"><u>KWALIFIKACJE WYODR\u0118BNIONE W ZAWODZIE<\/u><\/p>\n<p style=\"margin-bottom: 0cm; line-height: 100%;\"><u>\u00a0<\/u><\/p>\n<p style=\"margin-bottom: 0cm; line-height: 100%;\">OGR.03. Projektowanie, urz\u0105dzanie i piel\u0119gnacja ro\u015blinnych obiekt\u00f3w architektury krajobrazu<\/p>\n<p style=\"margin-bottom: 0cm; line-height: 100%;\">OGR.04. Organizacja prac zwi\u0105zanych z budow\u0105 oraz konserwacj\u0105 obiekt\u00f3w ma\u0142ej architektury krajobrazu.<\/p>\n<p style=\"margin-bottom: 0cm; line-height: 100%;\"><u>CELE KSZTA\u0141CENIA<\/u><\/p>\n<p style=\"margin-bottom: 0cm; line-height: 100%;\"><u>\u00a0<\/u><\/p>\n<p style=\"margin-bottom: 0cm; line-height: 100%;\">Absolwent szko\u0142y prowadz\u0105cej kszta\u0142cenie w zawodzie technik architektury krajobrazu powinien by\u0107<\/p>\n<p style=\"margin-bottom: 0cm; line-height: 100%;\">przygotowany do wykonywania zada\u0144 zawodowych:<\/p>\n<p style=\"margin-bottom: 0cm; line-height: 100%;\"><b>1) w zakresie kwalifikacji OGR.03. Projektowanie, urz\u0105dzanie i piel\u0119gnacja ro\u015blinnych obiekt\u00f3w architektury krajobrazu:<\/b><\/p>\n<p style=\"margin-bottom: 0cm; line-height: 100%;\">a) dobierania ro\u015blin ozdobnych do urz\u0105dzania obiekt\u00f3w architektury krajobrazu,<\/p>\n<p style=\"margin-bottom: 0cm; line-height: 100%;\">b) opracowywania projekt\u00f3w ro\u015blinnych w obiektach architektury krajobrazu,<\/p>\n<p style=\"margin-bottom: 0cm; line-height: 100%;\">c) urz\u0105dzania i piel\u0119gnowania ro\u015blinnych obiekt\u00f3w architektury krajobrazu;<\/p>\n<p style=\"margin-bottom: 0cm; line-height: 100%;\"><b>2) w zakresie kwalifikacji OGR.04. Organizacja prac zwi\u0105zanych z budow\u0105 oraz konserwacj\u0105 obiekt\u00f3w ma\u0142ej architektury krajobrazu:<\/b><\/p>\n<p style=\"margin-bottom: 0cm; line-height: 100%;\">a) dobierania obiekt\u00f3w ma\u0142ej architektury krajobrazu do teren\u00f3w zieleni,<\/p>\n<p style=\"margin-bottom: 0cm; line-height: 100%;\">b) opracowywania projekt\u00f3w obiekt\u00f3w ma\u0142ej architektury krajobrazu,<\/p>\n<p style=\"margin-bottom: 0cm; line-height: 100%;\">c) budowania i konserwacji obiekt\u00f3w ma\u0142ej architektury krajobrazu.<\/p>\n<p style=\"margin-bottom: 0cm;\" align=\"CENTER\">\u00a0<\/p>","protected":false},"excerpt":{"rendered":"<p>\u00a0 Egzamin zawodowy sk\u0142ada si\u0119 z dw\u00f3ch cz\u0119\u015bci: Pisemny &#8211; na zdanie cz\u0119\u015bci pisemnej zawsze jest dok\u0142adnie 1 godzina. W tym czasie [&hellip;]<\/p>\n","protected":false},"author":1,"featured_media":0,"parent":0,"menu_order":0,"comment_status":"closed","ping_status":"closed","template":"","meta":{"footnotes":""},"class_list":["post-75","page","type-page","status-publish","hentry"],"_links":{"self":[{"href":"https:\/\/www.zsczudec.pl\/index.php?rest_route=\/wp\/v2\/pages\/75","targetHints":{"allow":["GET"]}}],"collection":[{"href":"https:\/\/www.zsczudec.pl\/index.php?rest_route=\/wp\/v2\/pages"}],"about":[{"href":"https:\/\/www.zsczudec.pl\/index.php?rest_route=\/wp\/v2\/types\/page"}],"author":[{"embeddable":true,"href":"https:\/\/www.zsczudec.pl\/index.php?rest_route=\/wp\/v2\/users\/1"}],"replies":[{"embeddable":true,"href":"https:\/\/www.zsczudec.pl\/index.php?rest_route=%2Fwp%2Fv2%2Fcomments&post=75"}],"version-history":[{"count":22,"href":"https:\/\/www.zsczudec.pl\/index.php?rest_route=\/wp\/v2\/pages\/75\/revisions"}],"predecessor-version":[{"id":2578,"href":"https:\/\/www.zsczudec.pl\/index.php?rest_route=\/wp\/v2\/pages\/75\/revisions\/2578"}],"wp:attachment":[{"href":"https:\/\/www.zsczudec.pl\/index.php?rest_route=%2Fwp%2Fv2%2Fmedia&parent=75"}],"curies":[{"name":"wp","href":"https:\/\/api.w.org\/{rel}","templated":true}]}}