{"id":736,"date":"2020-02-07T21:38:12","date_gmt":"2020-02-07T20:38:12","guid":{"rendered":"http:\/\/www.zsczudec.pl\/?page_id=736"},"modified":"2025-02-10T07:31:40","modified_gmt":"2025-02-10T06:31:40","slug":"kontakt","status":"publish","type":"page","link":"https:\/\/www.zsczudec.pl\/?page_id=736","title":{"rendered":"Kontakt"},"content":{"rendered":"\n<h4 class=\"wp-block-heading\"><strong>Zesp\u00f3\u0142 Szk\u00f3\u0142 w Czudcu<\/strong><\/h4>\n\n\n\n<p>ul. Parkowa 7<br>38-120 Czudec<\/p>\n\n\n\n<p>tel. 17 277 10 13<\/p>\n\n\n\n<p><a href=\"mailto:zsczudec@strzyzowski.pl\">zsczudec@strzyzowski.pl<\/a><\/p>\n\n\n\n<p><a href=\"mailto:zs_czudec@wp.pl\">zs_czudec@wp.pl<\/a><\/p>\n\n\n\n<p>Adres do e-Dor\u0119cze\u0144 to: <strong>AE:PL-32550-39169-CEDFE-24<\/strong><\/p>\n\n\n\n<p><\/p>\n\n\n\n<figure><iframe src=\"https:\/\/www.google.com\/maps\/embed?pb=!1m18!1m12!1m3!1d2567.709860266684!2d21.84572431590354!3d49.941785179408434!2m3!1f0!2f0!3f0!3m2!1i1024!2i768!4f13.1!3m3!1m2!1s0x473cff5ac34bc351%3A0xe25c72536124b5a9!2zWmVzcMOzxYIgU3prw7PFgg!5e0!3m2!1spl!2spl!4v1581107847128!5m2!1spl!2spl\" width=\"600\" height=\"450\" frameborder=\"0\" style=\"border:0;\" allowfullscreen=\"\"><\/iframe><\/figure>\n","protected":false},"excerpt":{"rendered":"<p>Zesp\u00f3\u0142 Szk\u00f3\u0142 w Czudcu ul. Parkowa 738-120 Czudec tel. 17 277 10 13 zsczudec@strzyzowski.pl zs_czudec@wp.pl Adres do e-Dor\u0119cze\u0144 to: AE:PL-32550-39169-CEDFE-24<\/p>\n","protected":false},"author":1,"featured_media":0,"parent":0,"menu_order":0,"comment_status":"closed","ping_status":"closed","template":"","meta":{"footnotes":""},"class_list":["post-736","page","type-page","status-publish","hentry"],"_links":{"self":[{"href":"https:\/\/www.zsczudec.pl\/index.php?rest_route=\/wp\/v2\/pages\/736","targetHints":{"allow":["GET"]}}],"collection":[{"href":"https:\/\/www.zsczudec.pl\/index.php?rest_route=\/wp\/v2\/pages"}],"about":[{"href":"https:\/\/www.zsczudec.pl\/index.php?rest_route=\/wp\/v2\/types\/page"}],"author":[{"embeddable":true,"href":"https:\/\/www.zsczudec.pl\/index.php?rest_route=\/wp\/v2\/users\/1"}],"replies":[{"embeddable":true,"href":"https:\/\/www.zsczudec.pl\/index.php?rest_route=%2Fwp%2Fv2%2Fcomments&post=736"}],"version-history":[{"count":4,"href":"https:\/\/www.zsczudec.pl\/index.php?rest_route=\/wp\/v2\/pages\/736\/revisions"}],"predecessor-version":[{"id":2462,"href":"https:\/\/www.zsczudec.pl\/index.php?rest_route=\/wp\/v2\/pages\/736\/revisions\/2462"}],"wp:attachment":[{"href":"https:\/\/www.zsczudec.pl\/index.php?rest_route=%2Fwp%2Fv2%2Fmedia&parent=736"}],"curies":[{"name":"wp","href":"https:\/\/api.w.org\/{rel}","templated":true}]}}