{"id":47,"date":"2020-01-16T20:48:11","date_gmt":"2020-01-16T19:48:11","guid":{"rendered":"http:\/\/www.zsczudec.pl\/?page_id=47"},"modified":"2020-01-16T20:48:11","modified_gmt":"2020-01-16T19:48:11","slug":"historia","status":"publish","type":"page","link":"https:\/\/www.zsczudec.pl\/?page_id=47","title":{"rendered":"Historia"},"content":{"rendered":"\n<p>Historia szkolnictwa czudeckiego si\u0119ga XVI wieku. Ju\u017c przed 1559 rokiem istnia\u0142a tu szko\u0142a parafialna, w kt\u00f3rej niekt\u00f3re dzieci nauczane by\u0142y przez ksi\u0119\u017cy w niedziel\u0119 po nabo\u017ce\u0144stwie. W drugiej po\u0142owie XVI wieku istnia\u0142a w&nbsp;Czudcu szko\u0142a kalwi\u0144ska. W organizowaniu tej formy uczenia najm\u0142odszych pomagali finansowo przez d\u0142ugie lata Grabie\u0144scy \u2013 w\u0142a\u015bciciele Czudca.<\/p>\n\n\n\n<p>Pierwsza szko\u0142a publiczna powsta\u0142a w 1818 roku staraniem Jana Grabie\u0144skiego \u2013 absolwenta Uniwersytetu Jagiello\u0144skiego. Do 1834 roku udzielano nauki w mieszkaniu prywatnym, nast\u0119pnie przeniesiono szko\u0142\u0119 do&nbsp;drewnianego domu, zwanego \u201eWikar\u00f3wk\u0105\u201d. Gmina miasteczka zaj\u0119\u0142a si\u0119 utrzymaniem budynku i op\u0142at\u0105 nauczyciela. Przez wiele lat nauk\u0119 w tutejszej szkole pobiera\u0142y tak\u017ce dzieci z Przedmie\u015bcia, Babicy, Wy\u017cnego, Nowej Wsi i&nbsp;Zaborowa.<\/p>\n\n\n\n<p>W latach 1879 \u2013 1881 wybudowano na wprost ko\u015bcio\u0142a nowy budynek szko\u0142y. Mia\u0142 trzy sale lekcyjne oraz mieszkanie dla kierownika szko\u0142y i \u201em\u0142odszego nauczyciela\u201d. Budynek ten s\u0142u\u017cy\u0142 szkole podstawowej a\u017c do 1962 roku. (P\u00f3\u017aniej mie\u015bci\u0142a si\u0119 w nim Zasadnicza Szko\u0142a Elektryczna &#8211; ostatni rocznik opu\u015bci\u0142 j\u0105 w VI.1973r). Staraniem kierownika szko\u0142y z dnia 28 listopada 1900 roku przekszta\u0142cono szko\u0142\u0119 czudeck\u0105 na czteroklasow\u0105.<\/p>\n\n\n\n<p>W 1910 roku z inicjatywy nauczycieli i \u015bwiatlejszych obywateli podj\u0119to rezolucj\u0119, podpisan\u0105 przez 103 osoby, w&nbsp;sprawie przekszta\u0142cenia szko\u0142y na pi\u0119cioklasow\u0105 typu miejskiego. Projekt upad\u0142 wobec sprzeciwu niekt\u00f3rych mieszka\u0144c\u00f3w Czudca. Sp\u00f3r trwa\u0142 d\u0142ugo i zako\u0144czy\u0142 si\u0119 dopiero w 1920 roku, kiedy to przekszta\u0142cono plac\u00f3wk\u0119 na pi\u0119cio, a nast\u0119pnie sze\u015bcio i&nbsp;siedmioklasow\u0105 szko\u0142\u0119.<\/p>\n\n\n\n<p>W okresie mi\u0119dzywojennym czudecka szko\u0142a odgrywa\u0142a bardzo wa\u017cn\u0105 rol\u0119 kulturoznawcz\u0105 w \u015brodowisku. Wa\u017cnym wydarzeniem by\u0142o coroczne \u015bwi\u0119to szko\u0142y obchodzone 3 Maja, po\u0142\u0105czone ze \u015bwi\u0119tem pa\u0144stwowym. 3 maja 1930 roku szko\u0142a otrzyma\u0142a pi\u0119kny sztandar \u2013 dar polonii ameryka\u0144skiej z klubu \u201eZorza\u201d w Nevarku.<\/p>\n\n\n\n<p>W okresie okupacji pomieszczenia szkolne zaj\u0119li Niemcy. Nauk\u0119 rozpocz\u0119to 1 marca 1940 roku w wynaj\u0119tych pomieszczeniach. Wielu nauczycieli z nara\u017ceniem \u017cycia rozpocz\u0119\u0142o tajne nauczanie. Wybitn\u0105 rol\u0119 w zakresie tajnego nauczania w Czudcu odegrali miejscowi nauczyciele: W\u0142adys\u0142aw Kowal (od 1929 roku kierownik szko\u0142y powszechnej w Czudcu), Stanis\u0142awa W\u00f3jcik, Stanis\u0142aw Kr\u00f3l i Zofia Gandawska. Od 1943 roku do pracy tej w\u0142\u0105czyli si\u0119 nauczyciele przybyli ze Wschodu, kt\u00f3rzy w Czudcu szukali dla siebie bardziej bezpiecznego miejsca. W\u015br\u00f3d nich by\u0142 p\u00f3\u017aniejszy dyrektor czudeckiego gimnazjum \u2013 Henryk Hordt.<\/p>\n\n\n\n<p>We wrze\u015bniu 1944 roku w ma\u0142ym w\u00f3wczas miasteczku, licz\u0105cym oko\u0142o 1000 mieszka\u0144c\u00f3w, powsta\u0142a szko\u0142a \u015brednia \u2013 Samorz\u0105dowe Gimnazjum Koedukacyjne w Czudcu. Rada Gminy uzyska\u0142a w Kuratorium w Rzeszowie zezwolenie na otwarcie szko\u0142y z zastrze\u017ceniem, \u017ce b\u0119dzie to zak\u0142ad utrzymywany ca\u0142kowicie przez spo\u0142ecze\u0144stwo.<\/p>\n\n\n\n<p>Budynki dworskie, kt\u00f3re planowano przej\u0105\u0107 na potrzeby szko\u0142y, by\u0142y jesieni\u0105 1944 jeszcze zaj\u0119te przez wojska radzieckie, dlatego tymczasowo gimnazjum umieszczono w pomieszczeniach zast\u0119pczych. 28 wrze\u015bnia m\u0142odzie\u017c szkolna rozpocz\u0119\u0142a nauk\u0119 w kursie normalnym oraz skr\u00f3conym dla uczni\u00f3w, kt\u00f3rzy korzystali z tajnego nauczania.<br>W lutym 1945 roku uczniowie, przy udziale nauczycieli i miejscowego spo\u0142ecze\u0144stwa, przeprowadzili zbi\u00f3rk\u0119 ksi\u0105\u017cek dla powstaj\u0105cej biblioteki szkolnej. Zebrano \u0142\u0105cznie 200 tom\u00f3w.<\/p>\n\n\n\n<p>W marcu 1945 roku podj\u0119to starania o przeniesienie gimnazjum do opuszczonych przez wojsko budynk\u00f3w podworskich. Po przeprowadzeniu prac remontowych i adaptacyjnych szko\u0142a od maja 1945 roku zyska\u0142a tam nieco lepsze warunki bytowe. Jednocze\u015bnie Gminna Rada Narodowa przyj\u0119\u0142a pod sw\u00f3j zarz\u0105d przeznaczone na potrzeby szko\u0142y kilkunastohektarowe gospodarstwo rolne wraz z gospodarczymi budynkami, znajduj\u0105cymi si\u0119 przy dworze. Dzia\u0142alno\u015b\u0107 rozpocz\u0105\u0142 internat. Szko\u0142a przetrwa\u0142a pomy\u015blnie pierwszy, pr\u00f3bny okres. Spo\u0142ecze\u0144stwo uzna\u0142o j\u0105 za&nbsp;swoj\u0105. To dodawa\u0142o si\u0142 nauczycielom, stwarza\u0142o perspektyw\u0119 trwa\u0142ego utrzymania na terenie Czudca tej plac\u00f3wki o\u015bwiatowo &#8211; wychowawczej. Pokonuj\u0105c trudno\u015bci lokalne i organizacyjne, podejmowano jednocze\u015bnie starania u w\u0142adz o\u015bwiatowych, w celu trwa\u0142ego zatwierdzenia bytu szko\u0142y, a nast\u0119pnie jej upa\u0144stwowienie. Formalne zezwolenie na&nbsp;otwarcie Samorz\u0105dowego Gimnazjum i Liceum Koedukacyjnego w Czudcu wydano dopiero w 1946 roku. Decyzja ta&nbsp;mia\u0142a dla szko\u0142y i miejscowych dzia\u0142aczy o\u015bwiatowych kolosalne znaczenie. Spe\u0142ni\u0142a oczekiwania w\u0142adzy, tak dydaktyczne, jak i finansowe. Szko\u0142a zmieni\u0142a r\u00f3wnie\u017c nazw\u0119 z Samorz\u0105dowego Gimnazjum Koedukacyjnego w&nbsp;Czudcu na Samorz\u0105dowe Gimnazjum i Liceum Koedukacyjne w Czudcu. Oznacza to, \u017ce sta\u0142a si\u0119 pe\u0142n\u0105 szko\u0142\u0105 \u015bredni\u0105, kszta\u0142c\u0105c\u0105 w zakresie tzw. \u201edu\u017cej matury\u201d.<\/p>\n\n\n\n<p>Wiosn\u0105 1948 roku opu\u015bci\u0142o liceum pierwszych 14 absolwent\u00f3w. Od wrze\u015bnia tego roku, po wprowadzeniu reformy o\u015bwiatowej szko\u0142a rozpocz\u0119\u0142a realizacj\u0119 programu jedenastoletniej szko\u0142y \u015bredniej. Z dniem 1 lutego 1950 roku zosta\u0142a upa\u0144stwowiona. Przyj\u0119to w\u00f3wczas now\u0105 nazw\u0119 \u2013 Pa\u0144stwowa Szko\u0142a Og\u00f3lnokszta\u0142c\u0105ca Stopnia Licealnego w&nbsp;Czudcu. Pocz\u0105tkiem lat sze\u015b\u0107dziesi\u0105tych w progi szkolne zacz\u0105\u0142 wkracza\u0107 powojenny wy\u017c demograficzny m\u0142odzie\u017cy urodzonej po wojnie. Budynek liceum \u201ep\u0119ka\u0142 w szwach\u201d.<\/p>\n\n\n\n<p>W 1966 roku ukonstytuowa\u0142 si\u0119 Komitet Budowy Liceum. Budow\u0119 rozpocz\u0119to jesieni\u0105 1967 r. Ju\u017c we wrze\u015bniu 1969 r. m\u0142odzie\u017c rozpocz\u0119\u0142a nauk\u0119 w nowych pomieszczeniach, z\u0142o\u017conych z 11 izb lekcyjnych i sali gimnastycznej.<\/p>\n\n\n\n<p>22 listopada 1969 roku czudeckie liceum prze\u017cy\u0142o donios\u0142\u0105 uroczysto\u015b\u0107. W tym dniu dokonano oficjalnego otwarcia nowego obiektu. Jednocze\u015bnie szko\u0142a uzyska\u0142a patronat. Nadano jej imi\u0119 Miko\u0142aja Kopernika.<\/p>\n\n\n\n<p>W latach 1972-73 g\u0142\u00f3wnie, w czynie spo\u0142ecznym uczni\u00f3w i nauczycieli wybudowano kort tenisowy. W roku 1974-75 uko\u0144czono strzelnic\u0119. Od tej pory czudecki park sta\u0142 si\u0119 atrakcyjnym miejscem organizowania licznych imprez sportowych.<br>W 1969 powsta\u0142a przy LO Zasadnicza Szko\u0142a Rolnicza \u2013 filia Zespo\u0142u Szk\u00f3\u0142 Rolniczych w Mi\u0142ocinie. Istnia\u0142a do 1981 r. W latach 1978 \u2013 84 funkcjonowa\u0142o w Czudcu na bazie LO Liceum Rolnicze (r\u00f3wnie\u017c filia ZSR w Mi\u0142ocinie).<\/p>\n\n\n\n<p>20 kwietnia 1985 roku odby\u0142 si\u0119 w szkole Zjazd Absolwent\u00f3w LO w 40-lecie szko\u0142y. Z tej okazji Komitet Rodzicielski ufundowa\u0142 sztandar szko\u0142y. Od 1986 roku zacz\u0119to organizowa\u0107 pracowni\u0119 komputerow\u0105. Zmodernizowana i&nbsp;wyposa\u017cona w&nbsp;najnowszy sprz\u0119t funkcjonuje do dzisiaj.<\/p>\n\n\n\n<p>1 wrze\u015bnia 1971 r. powo\u0142ano Zasadnicz\u0105 Szko\u0142\u0119 Zawodow\u0105 dla Pracuj\u0105cych w Czudcu. By\u0142a to szko\u0142a przyzak\u0142adowa Przedsi\u0119biorstwa Instalacji Przemys\u0142owych &#8222;Instal&#8221; w Rzeszowie. Szko\u0142a ta istnia\u0142a do 1991 r. P\u00f3\u017aniej obiekty szko\u0142y zosta\u0142y przeznaczone do dyspozycji Kuratorium w Rzeszowie.<\/p>\n\n\n\n<p>1 wrze\u015bnia 1992r powo\u0142ano Technikum Budowlane. Rok p\u00f3\u017aniej po\u0142\u0105czono Zasadnicz\u0105 Szko\u0142\u0119 Zawodow\u0105 i Technikum Budowlane, tworz\u0105c Zesp\u00f3\u0142 Szk\u00f3\u0142 Zawodowych. W 1993 roku powsta\u0142o Liceum Zawodowe. Trudne warunki ekonomiczne pa\u0144stwa i spo\u0142ecze\u0144stwa spowodowa\u0142y, \u017ce 1 lipca 1996 roku utworzono Zesp\u00f3\u0142 Szk\u00f3\u0142, w sk\u0142ad kt\u00f3rego wesz\u0142y: Liceum Og\u00f3lnokszta\u0142c\u0105ce, Liceum Zawodowe, Technikum Budowlane i Zasadnicza Szko\u0142a Zawodowa.<br>&nbsp;<br>Opracowano na podstawie: &#8222;50 lat Liceum w Czudcu&#8221; M. Z\u0142otek, Rzesz\u00f3w 1995 oraz Kronik Szkolnych.<\/p>\n","protected":false},"excerpt":{"rendered":"<p>Historia szkolnictwa czudeckiego si\u0119ga XVI wieku. Ju\u017c przed 1559 rokiem istnia\u0142a tu szko\u0142a parafialna, w kt\u00f3rej niekt\u00f3re dzieci nauczane by\u0142y przez ksi\u0119\u017cy [&hellip;]<\/p>\n","protected":false},"author":1,"featured_media":0,"parent":0,"menu_order":0,"comment_status":"closed","ping_status":"closed","template":"","meta":{"footnotes":""},"class_list":["post-47","page","type-page","status-publish","hentry"],"_links":{"self":[{"href":"https:\/\/www.zsczudec.pl\/index.php?rest_route=\/wp\/v2\/pages\/47","targetHints":{"allow":["GET"]}}],"collection":[{"href":"https:\/\/www.zsczudec.pl\/index.php?rest_route=\/wp\/v2\/pages"}],"about":[{"href":"https:\/\/www.zsczudec.pl\/index.php?rest_route=\/wp\/v2\/types\/page"}],"author":[{"embeddable":true,"href":"https:\/\/www.zsczudec.pl\/index.php?rest_route=\/wp\/v2\/users\/1"}],"replies":[{"embeddable":true,"href":"https:\/\/www.zsczudec.pl\/index.php?rest_route=%2Fwp%2Fv2%2Fcomments&post=47"}],"version-history":[{"count":1,"href":"https:\/\/www.zsczudec.pl\/index.php?rest_route=\/wp\/v2\/pages\/47\/revisions"}],"predecessor-version":[{"id":48,"href":"https:\/\/www.zsczudec.pl\/index.php?rest_route=\/wp\/v2\/pages\/47\/revisions\/48"}],"wp:attachment":[{"href":"https:\/\/www.zsczudec.pl\/index.php?rest_route=%2Fwp%2Fv2%2Fmedia&parent=47"}],"curies":[{"name":"wp","href":"https:\/\/api.w.org\/{rel}","templated":true}]}}