{"id":436,"date":"2020-01-27T22:31:11","date_gmt":"2020-01-27T21:31:11","guid":{"rendered":"http:\/\/www.zsczudec.pl\/?page_id=436"},"modified":"2026-04-13T09:21:16","modified_gmt":"2026-04-13T07:21:16","slug":"wymagane-dokumenty","status":"publish","type":"page","link":"https:\/\/www.zsczudec.pl\/?page_id=436","title":{"rendered":"Wymagane dokumenty"},"content":{"rendered":"\t\t<div data-elementor-type=\"wp-page\" data-elementor-id=\"436\" class=\"elementor elementor-436\">\n\t\t\t\t\t\t<section class=\"elementor-section elementor-top-section elementor-element elementor-element-343d11f4 elementor-section-boxed elementor-section-height-default elementor-section-height-default\" data-id=\"343d11f4\" data-element_type=\"section\">\n\t\t\t\t\t\t<div class=\"elementor-container elementor-column-gap-default\">\n\t\t\t\t\t<div class=\"elementor-column elementor-col-100 elementor-top-column elementor-element elementor-element-4f174dd\" data-id=\"4f174dd\" data-element_type=\"column\">\n\t\t\t<div class=\"elementor-widget-wrap elementor-element-populated\">\n\t\t\t\t\t\t<div class=\"elementor-element elementor-element-57b22f62 elementor-widget elementor-widget-text-editor\" data-id=\"57b22f62\" data-element_type=\"widget\" data-widget_type=\"text-editor.default\">\n\t\t\t\t<div class=\"elementor-widget-container\">\n\t\t\t\t\t\t\t\t\t<p><\/p>\n<ul>\n<li>Dokumenty wymagane od kandydata:<\/li>\n<\/ul>\n<p><\/p>\n<p><\/p>\n<ul class=\"wp-block-list\">\n<li style=\"list-style-type: none;\">\n<ul>\n<li>podanie o przyj\u0119cie na dany kierunek,<\/li>\n<li>2 zdj\u0119cia,<\/li>\n<li>\u015bwiadectwo uko\u0144czenia szko\u0142y podstawowej,<\/li>\n<li>za\u015bwiadczenie o wynikach egzaminu po szkole podstawowej,<\/li>\n<li>za\u015bwiadczenie o przyj\u0119ciu na praktyk\u0119 (dotyczy kandydat\u00f3w do Bran\u017cowej Szko\u0142y I Stopnia),<\/li>\n<li>za\u015bwiadczenie lekarskie o braku przeciwwskaza\u0144 zdrowotnych do kszta\u0142cenia w danym zawodzie (dostarczaj\u0105 tylko kandydaci do technikum i Szko\u0142y Bran\u017cowej I Stopnia oraz klasy mundurowej &#8211; skierowanie na badania nale\u017cy pobra\u0107 w\u00a0sekretariacie),<\/li>\n<li>osoby z udokumentowanymi problemami zdrowotnymi przedstawiaj\u0105 orzeczenie z poradni psychologiczno &#8211; pedagogicznej,<\/li>\n<li>za\u015bwiadczenie\/za\u015bwiadczenia o uzyskaniu tytu\u0142u laureata lub finalisty konkurs\u00f3w,.<\/li>\n<li>pozosta\u0142e za\u0142\u0105czniki :<\/li>\n<\/ul>\n<\/li>\n<\/ul>\n<p style=\"margin-left: 60.55pt; text-align: justify;\">\u00a0<\/p>\n<p><\/p>\n<p><\/p>\n<p><\/p>\t\t\t\t\t\t\t\t<\/div>\n\t\t\t\t<\/div>\n\t\t\t\t<div class=\"elementor-element elementor-element-51273b6 elementor-widget elementor-widget-text-editor\" data-id=\"51273b6\" data-element_type=\"widget\" data-widget_type=\"text-editor.default\">\n\t\t\t\t<div class=\"elementor-widget-container\">\n\t\t\t\t\t\t\t\t\t<ul style=\"margin-bottom: 0px;\">\n<li style=\"list-style-type: none\">\n<ul style=\"margin-bottom: 0px;\">\n<li><a style=\"background-color: #ffffff;\" href=\"http:\/\/www.zsczudec.pl\/wp-content\/uploads\/Zalacznik-nr-2-Klauzula-dla-uczniow-i-rodzicow.pdf\" target=\"_blank\" rel=\"noopener\">Za\u0142\u0105cznik nr.2 Klauzula dla uczni\u00f3w i rodzic\u00f3w<\/a><\/li>\n<li><a href=\"http:\/\/www.zsczudec.pl\/wp-content\/uploads\/Zalacznik-nr-3-Oswiadczenie-rodzica-prawnego-opiekuna-o-wyrazeniu-zgody-na-wykorzystanie-wizerunku-w-zakresie-realizacji-dzialan-zwiazanych-z-promocja-Szkoly.pdf\" target=\"_blank\" rel=\"noopener\">Za\u0142\u0105cznik nr 3 O\u015bwiadczenie rodzica\u00a0 prawnego opiekuna o wyra\u017ceniu zgody na wykorzystanie wizerunku w zakresie realizacji dzia\u0142a\u0144 zwi\u0105zanych z promocj\u0105 Szko\u0142y<\/a><br \/><u><\/u><\/li>\n<li><a href=\"http:\/\/www.zsczudec.pl\/wp-content\/uploads\/Zalacznik-nr-4-Oswiadczenie-rodzicow-prawnych-opiekunow-o-uczestnictwie-uczniow-w-lekcjach-religii.pdf\" target=\"_blank\" rel=\"noopener\">Za\u0142acznik_nr_4 O\u015bwiadczenie rodzic\u00f3w\u00a0 prawnych opiekun\u00f3w o uczestnictwie uczni\u00f3w w lekcjach religii<\/a><\/li>\n<li><a href=\"http:\/\/www.zsczudec.pl\/wp-content\/uploads\/Zalacznik-nr-6-Oswiadczenie-rodzicow-prawnych-opiekunow-o-wyrazeniu-zgody-na-uczeszczanie-do-klasy-wielozawodowej.pdf\">Zalacznik-nr-5-Oswiadczenie-rodzicow-prawnych-opiekunow-o-miejscu-odbywania-sie-zajec-dydaktyczno-wychowawczych.pdf<\/a><\/li>\n<li><a href=\"http:\/\/www.zsczudec.pl\/wp-content\/uploads\/Zalacznik-nr-6-Oswiadczenie-rodzicow-prawnych-opiekunow-o-wyrazeniu-zgody-na-uczeszczanie-do-klasy-wielozawodowej.pdf\" target=\"_blank\" rel=\"noopener\">Za\u0142\u0105cznik nr 6 O\u015bwiadczenie rodzic\u00f3w\u00a0 prawnych opiekun\u00f3w o wyra\u017ceniu zgody na ucz\u0119szczanie do klasy wielozawodowej<\/a><\/li>\n<li><a href=\"http:\/\/www.zsczudec.pl\/wp-content\/uploads\/Zalacznik-nr-7-Skierowanie-mlodocianego-pracownika-na-nauke-doksztalcajaca-w-szkole.pdf\" target=\"_blank\" rel=\"noopener\">Za\u0142\u0105cznik nr 7 Skierowanie m\u0142odocianego pracownika na nauk\u0119 dokszta\u0142caj\u0105c\u0105 w szkole<\/a><\/li>\n<li><a href=\"http:\/\/www.zsczudec.pl\/wp-content\/uploads\/Zalacznik-nr-8-Podanie-o-przyjecie-sluchacza-do-Branzowej-Szkoly-II-Stopnia.pdf\" target=\"_blank\" rel=\"noopener\">Za\u0142\u0105cznik nr 8 Podanie o przyj\u0119cie s\u0142uchacza do Bran\u017cowej Szko\u0142y II Stopnia<\/a><\/li>\n<li><a href=\"http:\/\/www.zsczudec.pl\/wp-content\/uploads\/Zalacznik-nr-9-Oswiadczenie-rodzicow-prawnych-opiekunow-dotyczace-nauki-jezykow-obcych-nowozytnych.pdf\" target=\"_blank\" rel=\"noopener\">Za\u0142\u0105cznik nr 9 O\u015bwiadczenie rodzic\u00f3w\u00a0 prawnych opiekun\u00f3w dotycz\u0105ce nauki j\u0119zyk\u00f3w obcych nowo\u017cytnych<\/a><\/li>\n<\/ul>\n<\/li>\n<\/ul>\n<p>\u00a0<\/p>\t\t\t\t\t\t\t\t<\/div>\n\t\t\t\t<\/div>\n\t\t\t\t\t<\/div>\n\t\t<\/div>\n\t\t\t\t\t<\/div>\n\t\t<\/section>\n\t\t\t\t<\/div>\n\t\t","protected":false},"excerpt":{"rendered":"<p>Dokumenty wymagane od kandydata: podanie o przyj\u0119cie na dany kierunek, 2 zdj\u0119cia, \u015bwiadectwo uko\u0144czenia szko\u0142y podstawowej, za\u015bwiadczenie o wynikach egzaminu po szkole [&hellip;]<\/p>\n","protected":false},"author":1,"featured_media":0,"parent":0,"menu_order":0,"comment_status":"closed","ping_status":"closed","template":"","meta":{"footnotes":""},"class_list":["post-436","page","type-page","status-publish","hentry"],"_links":{"self":[{"href":"https:\/\/www.zsczudec.pl\/index.php?rest_route=\/wp\/v2\/pages\/436","targetHints":{"allow":["GET"]}}],"collection":[{"href":"https:\/\/www.zsczudec.pl\/index.php?rest_route=\/wp\/v2\/pages"}],"about":[{"href":"https:\/\/www.zsczudec.pl\/index.php?rest_route=\/wp\/v2\/types\/page"}],"author":[{"embeddable":true,"href":"https:\/\/www.zsczudec.pl\/index.php?rest_route=\/wp\/v2\/users\/1"}],"replies":[{"embeddable":true,"href":"https:\/\/www.zsczudec.pl\/index.php?rest_route=%2Fwp%2Fv2%2Fcomments&post=436"}],"version-history":[{"count":21,"href":"https:\/\/www.zsczudec.pl\/index.php?rest_route=\/wp\/v2\/pages\/436\/revisions"}],"predecessor-version":[{"id":2874,"href":"https:\/\/www.zsczudec.pl\/index.php?rest_route=\/wp\/v2\/pages\/436\/revisions\/2874"}],"wp:attachment":[{"href":"https:\/\/www.zsczudec.pl\/index.php?rest_route=%2Fwp%2Fv2%2Fmedia&parent=436"}],"curies":[{"name":"wp","href":"https:\/\/api.w.org\/{rel}","templated":true}]}}