{"id":264,"date":"2020-01-24T19:30:02","date_gmt":"2020-01-24T18:30:02","guid":{"rendered":"http:\/\/www.zsczudec.pl\/?page_id=264"},"modified":"2020-01-24T19:30:02","modified_gmt":"2020-01-24T18:30:02","slug":"kolo-technologow-budownictwa","status":"publish","type":"page","link":"https:\/\/www.zsczudec.pl\/?page_id=264","title":{"rendered":"Ko\u0142o Technolog\u00f3w Budownictwa"},"content":{"rendered":"\n<p>Zaj\u0119cia dodatkowe&nbsp;<strong>dla uczni\u00f3w technikum budowlanego<\/strong>&nbsp;w ramach&nbsp;<strong>KTB<\/strong>&nbsp;odbywaj\u0105 si\u0119 raz w tygodniu. Tematyka spotka\u0144 umo\u017cliwia uczniom rozwijanie zainteresowa\u0144 zawodowych i poszerza ich wiedz\u0119 z zakresu nowoczesnych rozwi\u0105za\u0144 materia\u0142owo &#8211; konstrukcyjnych w budownictwie.<\/p>\n\n\n\n<p>W ramach zaj\u0119\u0107 uczniowie przygotowuj\u0105 si\u0119 do udzia\u0142u w eliminacjach Olimpiady Wiedzy i Umiej\u0119tno\u015bci Budowlanych na szczeblu szkolnym i okr\u0119gowym. Zainteresowani uczestnicz\u0105 w seminariach naukowo- technicznych organizowanych przez Polski Zwi\u0105zek In\u017cynier\u00f3w i Technik\u00f3w Budownictwa o\/Rzesz\u00f3w i uzyskuj\u0105 odpowiednie certyfikaty potwierdzaj\u0105ce udzia\u0142 w szkoleniu.<\/p>\n\n\n\n<p class=\"has-text-align-right\">Opiekun Ko\u0142a Technolog\u00f3w Budownictwa<br>mgr in\u017c. Barbara Rusinek<\/p>\n","protected":false},"excerpt":{"rendered":"<p>Zaj\u0119cia dodatkowe&nbsp;dla uczni\u00f3w technikum budowlanego&nbsp;w ramach&nbsp;KTB&nbsp;odbywaj\u0105 si\u0119 raz w tygodniu. Tematyka spotka\u0144 umo\u017cliwia uczniom rozwijanie zainteresowa\u0144 zawodowych i poszerza ich wiedz\u0119 z [&hellip;]<\/p>\n","protected":false},"author":1,"featured_media":0,"parent":0,"menu_order":0,"comment_status":"closed","ping_status":"closed","template":"","meta":{"footnotes":""},"class_list":["post-264","page","type-page","status-publish","hentry"],"_links":{"self":[{"href":"https:\/\/www.zsczudec.pl\/index.php?rest_route=\/wp\/v2\/pages\/264","targetHints":{"allow":["GET"]}}],"collection":[{"href":"https:\/\/www.zsczudec.pl\/index.php?rest_route=\/wp\/v2\/pages"}],"about":[{"href":"https:\/\/www.zsczudec.pl\/index.php?rest_route=\/wp\/v2\/types\/page"}],"author":[{"embeddable":true,"href":"https:\/\/www.zsczudec.pl\/index.php?rest_route=\/wp\/v2\/users\/1"}],"replies":[{"embeddable":true,"href":"https:\/\/www.zsczudec.pl\/index.php?rest_route=%2Fwp%2Fv2%2Fcomments&post=264"}],"version-history":[{"count":1,"href":"https:\/\/www.zsczudec.pl\/index.php?rest_route=\/wp\/v2\/pages\/264\/revisions"}],"predecessor-version":[{"id":265,"href":"https:\/\/www.zsczudec.pl\/index.php?rest_route=\/wp\/v2\/pages\/264\/revisions\/265"}],"wp:attachment":[{"href":"https:\/\/www.zsczudec.pl\/index.php?rest_route=%2Fwp%2Fv2%2Fmedia&parent=264"}],"curies":[{"name":"wp","href":"https:\/\/api.w.org\/{rel}","templated":true}]}}