{"id":247,"date":"2020-01-24T12:41:08","date_gmt":"2020-01-24T11:41:08","guid":{"rendered":"http:\/\/www.zsczudec.pl\/?page_id=247"},"modified":"2024-09-11T20:22:26","modified_gmt":"2024-09-11T18:22:26","slug":"przydzial-wychowawstw-i-klasopracowni-w-roku-szkolnym-2018-2019","status":"publish","type":"page","link":"https:\/\/www.zsczudec.pl\/?page_id=247","title":{"rendered":"Przydzia\u0142 wychowawstw i klasopracowni w roku szkolnym 2023\/2024"},"content":{"rendered":"\n<figure class=\"wp-block-table\"><table><thead><tr><th>Klasa<\/th><th>Wychowawstwo<\/th><th>Klasopracownia<\/th><\/tr><tr><td><strong>III SB<\/strong><\/td><td>Szela Wojciech<\/td><td>13A&nbsp;<\/td><\/tr><tr><td><strong>II SB<\/strong><\/td><td>Machowska Agnieszka<\/td><td>6A<\/td><\/tr><tr><td>I<strong>II TBH\u017b<\/strong><\/td><td>Magdalena Farej<\/td><td>17 B<\/td><\/tr><tr><td><strong>IV TBH\u017b<\/strong><\/td><td>El\u017cbieta Pietrucha<\/td><td>21 A<\/td><\/tr><tr><td><strong>VTBH<\/strong><\/td><td>Renata \u017bo\u0142\u0105dek<\/td><td>11 A<\/td><\/tr><tr><td><strong>\u00a0II TBH\u017b<\/strong><\/td><td>Joanna Moskwa<\/td><td>15 B<\/td><\/tr><tr><td>\u00a0<strong>I<\/strong> <strong>T\u017b<\/strong><\/td><td>&nbsp;Ma\u0142gorzata Pi\u0119ko\u015b<\/td><td>\u00a023A<\/td><\/tr><\/thead><\/table><\/figure>\n","protected":false},"excerpt":{"rendered":"<p>Klasa Wychowawstwo Klasopracownia III SB Szela Wojciech 13A&nbsp; II SB Machowska Agnieszka 6A III TBH\u017b Magdalena Farej 17 B IV TBH\u017b El\u017cbieta [&hellip;]<\/p>\n","protected":false},"author":1,"featured_media":0,"parent":0,"menu_order":0,"comment_status":"closed","ping_status":"closed","template":"","meta":{"footnotes":""},"class_list":["post-247","page","type-page","status-publish","hentry"],"_links":{"self":[{"href":"https:\/\/www.zsczudec.pl\/index.php?rest_route=\/wp\/v2\/pages\/247","targetHints":{"allow":["GET"]}}],"collection":[{"href":"https:\/\/www.zsczudec.pl\/index.php?rest_route=\/wp\/v2\/pages"}],"about":[{"href":"https:\/\/www.zsczudec.pl\/index.php?rest_route=\/wp\/v2\/types\/page"}],"author":[{"embeddable":true,"href":"https:\/\/www.zsczudec.pl\/index.php?rest_route=\/wp\/v2\/users\/1"}],"replies":[{"embeddable":true,"href":"https:\/\/www.zsczudec.pl\/index.php?rest_route=%2Fwp%2Fv2%2Fcomments&post=247"}],"version-history":[{"count":6,"href":"https:\/\/www.zsczudec.pl\/index.php?rest_route=\/wp\/v2\/pages\/247\/revisions"}],"predecessor-version":[{"id":2242,"href":"https:\/\/www.zsczudec.pl\/index.php?rest_route=\/wp\/v2\/pages\/247\/revisions\/2242"}],"wp:attachment":[{"href":"https:\/\/www.zsczudec.pl\/index.php?rest_route=%2Fwp%2Fv2%2Fmedia&parent=247"}],"curies":[{"name":"wp","href":"https:\/\/api.w.org\/{rel}","templated":true}]}}