{"id":2427,"date":"2025-01-10T13:46:11","date_gmt":"2025-01-10T12:46:11","guid":{"rendered":"https:\/\/www.zsczudec.pl\/?page_id=2427"},"modified":"2025-01-17T14:00:03","modified_gmt":"2025-01-17T13:00:03","slug":"harmonogramy-rekrutacja-do-projektu-dostosowanie-oferty-zespolu-szkol-w-czudcu-do-potrzeb-rynku-pracy","status":"publish","type":"page","link":"https:\/\/www.zsczudec.pl\/?page_id=2427","title":{"rendered":"Harmonogramy: Rekrutacja do projektu &#8222;Dostosowanie oferty Zespo\u0142u Szk\u00f3\u0142 w Czudcu do potrzeb rynku pracy.&#8221;:"},"content":{"rendered":"\n<p>Nauczyciele: <strong>Od dnia 10.01.2025 rozpoczynamy rekrutacj\u0119 nauczycieli do projektu. Druk zg\u0142oszenia mo\u017cna pobra\u0107 wykorzystuj\u0105c link poni\u017cej lub w sekretariacie szko\u0142y.<\/strong><\/p>\n\n\n\n<p><\/p>\n\n\n\n<p>Dokumenty: <\/p>\n\n\n\n<p>formularz zg\u0142oszenia <a href=\"http:\/\/www.zsczudec.pl\/wp-content\/uploads\/Formularz-zgloszeniowy-nauczyciela.pdf\">http:\/\/www.zsczudec.pl\/wp-content\/uploads\/Formularz-zgloszeniowy-nauczyciela.pdf<\/a> <\/p>\n\n\n\n<p>klauzula informacyjna: <a href=\"http:\/\/www.zsczudec.pl\/wp-content\/uploads\/Zal.-nr-1-do-Formularza-zgloszeniowego-Klauzula-informacyjna.pdf\">http:\/\/www.zsczudec.pl\/wp-content\/uploads\/Zal.-nr-1-do-Formularza-zgloszeniowego-Klauzula-informacyjna.pdf<\/a><\/p>\n\n\n\n<p>Uczniowie:<\/p>\n\n\n\n<p>Dokumenty:<\/p>\n","protected":false},"excerpt":{"rendered":"<p>Nauczyciele: Od dnia 10.01.2025 rozpoczynamy rekrutacj\u0119 nauczycieli do projektu. Druk zg\u0142oszenia mo\u017cna pobra\u0107 wykorzystuj\u0105c link poni\u017cej lub w sekretariacie szko\u0142y. Dokumenty: formularz [&hellip;]<\/p>\n","protected":false},"author":1,"featured_media":0,"parent":0,"menu_order":0,"comment_status":"closed","ping_status":"closed","template":"","meta":{"footnotes":""},"class_list":["post-2427","page","type-page","status-publish","hentry"],"_links":{"self":[{"href":"https:\/\/www.zsczudec.pl\/index.php?rest_route=\/wp\/v2\/pages\/2427","targetHints":{"allow":["GET"]}}],"collection":[{"href":"https:\/\/www.zsczudec.pl\/index.php?rest_route=\/wp\/v2\/pages"}],"about":[{"href":"https:\/\/www.zsczudec.pl\/index.php?rest_route=\/wp\/v2\/types\/page"}],"author":[{"embeddable":true,"href":"https:\/\/www.zsczudec.pl\/index.php?rest_route=\/wp\/v2\/users\/1"}],"replies":[{"embeddable":true,"href":"https:\/\/www.zsczudec.pl\/index.php?rest_route=%2Fwp%2Fv2%2Fcomments&post=2427"}],"version-history":[{"count":1,"href":"https:\/\/www.zsczudec.pl\/index.php?rest_route=\/wp\/v2\/pages\/2427\/revisions"}],"predecessor-version":[{"id":2430,"href":"https:\/\/www.zsczudec.pl\/index.php?rest_route=\/wp\/v2\/pages\/2427\/revisions\/2430"}],"wp:attachment":[{"href":"https:\/\/www.zsczudec.pl\/index.php?rest_route=%2Fwp%2Fv2%2Fmedia&parent=2427"}],"curies":[{"name":"wp","href":"https:\/\/api.w.org\/{rel}","templated":true}]}}