{"id":2424,"date":"2025-01-06T09:02:49","date_gmt":"2025-01-06T08:02:49","guid":{"rendered":"https:\/\/www.zsczudec.pl\/?page_id=2424"},"modified":"2026-05-01T23:59:52","modified_gmt":"2026-05-01T21:59:52","slug":"dostosowanie-oferty-zespolu-szkol-w-czudcu-do-potrzeb-rynku-pracy","status":"publish","type":"page","link":"https:\/\/www.zsczudec.pl\/?page_id=2424","title":{"rendered":"Dostosowanie oferty Zespo\u0142u Szk\u00f3\u0142 w Czudcu do potrzeb rynku Pracy"},"content":{"rendered":"\n<p><strong>INFORMACJA O PROJEKCIE:<\/strong> <a href=\"http:\/\/www.zsczudec.pl\/wp-content\/uploads\/Informacja-o-projekcie1.pdf\">http:\/\/www.zsczudec.pl\/wp-content\/uploads\/Informacja-o-projekcie1.pdf<\/a><\/p>\n\n\n\n<p><strong>AKTUALNO\u015aCI: <\/strong><\/p>\n\n\n\n<p>Og\u0142oszenie o sta\u017cach: <a href=\"http:\/\/www.zsczudec.pl\/wp-content\/uploads\/OGLOSZENIE.pdf\">http:\/\/www.zsczudec.pl\/wp-content\/uploads\/OGLOSZENIE.pdf<\/a><\/p>\n\n\n\n<p><\/p>\n\n\n\n<p>Zapraszamy nauczycieli do udzia\u0142u w projekcie \u201eDostosowanie oferty Zespo\u0142u Szk\u00f3\u0142 w Czudcu do potrzeb rynku pracy\u201d. W ramach projektu oferujemy r\u00f3\u017cnorodne szkolenia i kursy podnosz\u0105ce kwalifikacje zawodowe, dostosowane do nowoczesnych potrzeb edukacyjnych.&nbsp;&nbsp;<\/p>\n\n\n\n<p>Formularz zg\u0142oszeniowy wraz z klauzul\u0105 informacyjn\u0105 dost\u0119pny jest pod linkiem poni\u017cej oraz w sekretariacie szko\u0142y. Na zg\u0142oszenia czekamy w dniach 10.01.2025 r. do 23.01.2025 r. Serdecznie zapraszamy!<\/p>\n\n\n\n<p>Formularz: <a href=\"http:\/\/www.zsczudec.pl\/wp-content\/uploads\/Formularz-zgloszeniowy-nauczyciela.pdf\">http:\/\/www.zsczudec.pl\/wp-content\/uploads\/Formularz-zgloszeniowy-nauczyciela.pdf<\/a><\/p>\n\n\n\n<p><a href=\"https:\/\/www.zsczudec.pl\/?page_id=2427\">https:\/\/www.zsczudec.pl\/?page_id=2427<\/a> <\/p>\n\n\n\n<p class=\"has-text-align-center\"><strong>Uczniowie:<\/strong><\/p>\n\n\n\n<p><strong>Zapraszamy uczni\u00f3w do wzi\u0119cia udzia\u0142u w projekcie&nbsp;<\/strong><strong>\u201eDostosowanie oferty Zespo\u0142u Szk\u00f3\u0142 w Czudcu do potrzeb rynku pracy\u201d<\/strong><\/p>\n\n\n\n<p>Oferujemy:<\/p>\n\n\n\n<ul class=\"wp-block-list\">\n<li>Kursy i szkolenia zawodowe (m.in. techniki dekoracyjne, barma\u0144stwo, baristyka, obs\u0142uga zag\u0119szczarki).<\/li>\n\n\n\n<li>Wizyty studyjne w renomowanych obiektach.<\/li>\n\n\n\n<li>Sta\u017ce zawodowe zapewniaj\u0105ce praktyczne do\u015bwiadczenie.<\/li>\n\n\n\n<li>Dost\u0119p do nowoczesnych pracowni i sprz\u0119tu.<\/li>\n<\/ul>\n\n\n\n<p>Do projektu mog\u0105 si\u0119 zg\u0142asza\u0107 uczniowie Technikum i Bran\u017cowej Szko\u0142y I stopnia w Czudcu na kierunkach: technik budownictwa, rob\u00f3t wyko\u0144czeniowych, hotelarstwa, \u017cywienia i us\u0142ug gastronomicznych oraz kucharz. Rekrutacja trwa od <strong>27.01.2025 do 02.02.2025<\/strong>, a formularze zg\u0142oszeniowe wraz z za\u0142\u0105cznikami s\u0105 dost\u0119pne na stronie internetowej szko\u0142y oraz w sekretariacie.<\/p>\n\n\n\n<p>Regulamin: <a href=\"http:\/\/www.zsczudec.pl\/wp-content\/uploads\/Regulamin.pdf\">http:\/\/www.zsczudec.pl\/wp-content\/uploads\/Regulamin.pdf<\/a><\/p>\n\n\n\n<p>Formularz dla ucznia:<\/p>\n\n\n\n<p><a href=\"http:\/\/www.zsczudec.pl\/wp-content\/uploads\/Zal.-nr-1-do-Regulaminu-Formularz-zgloszeniowy-Uczniowie.pdf\">http:\/\/www.zsczudec.pl\/wp-content\/uploads\/Zal.-nr-1-do-Regulaminu-Formularz-zgloszeniowy-Uczniowie.pdf<\/a><\/p>\n\n\n\n<p>Za\u0142\u0105cznik nr 1:<a href=\"http:\/\/www.zsczudec.pl\/wp-content\/uploads\/Zal.-nr-1-do-Formularza-zgloszeniowego-Klauzula-informacyjna-1.pdf\">http:\/\/www.zsczudec.pl\/wp-content\/uploads\/Zal.-nr-1-do-Formularza-zgloszeniowego-Klauzula-informacyjna-1.pdf<\/a><\/p>\n\n\n\n<p>Za\u0142\u0105cznik nr 3:<a href=\"http:\/\/www.zsczudec.pl\/wp-content\/uploads\/Zal.-nr-3-do-Formularza-zgloszeniowego-Oswiadczenie-o-kryteriach-premiujacych.pdf\">http:\/\/www.zsczudec.pl\/wp-content\/uploads\/Zal.-nr-3-do-Formularza-zgloszeniowego-Oswiadczenie-o-kryteriach-premiujacych.pdf<\/a><\/p>\n\n\n\n<p><a href=\"http:\/\/www.zsczudec.pl\/wp-content\/uploads\/Zal.-nr-1-do-Regulaminu-Formularz-zgloszeniowy-Uczniowie.pdf\">HARMONOGRAMY<\/a>:<\/p>\n\n\n\n<p>Harmonogram szkolenia dla nauczycieli Kuchnia Polska: <a href=\"http:\/\/www.zsczudec.pl\/wp-content\/uploads\/Harmonogram-szkolenie-dla-nauczycieli-Kuchnia-Polska-28.04.2026-r.pdf\">http:\/\/www.zsczudec.pl\/wp-content\/uploads\/Harmonogram-szkolenie-dla-nauczycieli-Kuchnia-Polska-28.04.2026-r.pdf<\/a><\/p>\n\n\n\n<p>Harmonogram szkolenia dla nauczycieli Knife Skills: <a href=\"http:\/\/www.zsczudec.pl\/wp-content\/uploads\/Harmonogram-szkolenie-dla-nauczycieli-Knife-Skills-27.04.2026-r.pdf\">http:\/\/www.zsczudec.pl\/wp-content\/uploads\/Harmonogram-szkolenie-dla-nauczycieli-Knife-Skills-27.04.2026-r.pdf<\/a><\/p>\n\n\n\n<p>Harmonogram szkolenia dla nauczycieli Candy Bar Glamour: <a href=\"http:\/\/www.zsczudec.pl\/wp-content\/uploads\/Harmonogram-szkolenie-dla-nauczycieli-Candy-Bar-Glamour-20.04.2026-r.pdf\">http:\/\/www.zsczudec.pl\/wp-content\/uploads\/Harmonogram-szkolenie-dla-nauczycieli-Candy-Bar-Glamour-20.04.2026-r.pdf<\/a><\/p>\n\n\n\n<p>Harmonogram szkolenia z treningu umiej\u0119tno\u015bci interpersonalnych: <a href=\"http:\/\/www.zsczudec.pl\/wp-content\/uploads\/Harmonogram-Trening-umiejetnosci-interpersonalnych-wspolczesnego-nauczyciela-17.04.2026-r.pdf\">http:\/\/www.zsczudec.pl\/wp-content\/uploads\/Harmonogram-Trening-umiejetnosci-interpersonalnych-wspolczesnego-nauczyciela-17.04.2026-r.pdf<\/a><\/p>\n\n\n\n<p>Aktualizacja harmonogramu studi\u00f3w z edukacji i terapii os\u00f3b z autyzmem: <a href=\"http:\/\/www.zsczudec.pl\/wp-content\/uploads\/Studia-podyplomowe-Edukacja-i-terapia-osb-z-zaburzeniami-autyzmu-Zmiana-I.pdf\">http:\/\/www.zsczudec.pl\/wp-content\/uploads\/Studia-podyplomowe-Edukacja-i-terapia-osb-z-zaburzeniami-autyzmu-Zmiana-I.pdf<\/a><\/p>\n\n\n\n<p>Aktualizacja harmonogramu studi\u00f3w z integracji sensorycznej <a href=\"http:\/\/www.zsczudec.pl\/wp-content\/uploads\/Harmonogram-Studia-podyplomowe-Integracja-Sensoryczna-terapia-i-autyzm-Semestr-II-akatualizacja.pdf\">http:\/\/www.zsczudec.pl\/wp-content\/uploads\/Harmonogram-Studia-podyplomowe-Integracja-Sensoryczna-terapia-i-autyzm-Semestr-II-akatualizacja.pdf<\/a><\/p>\n\n\n\n<p>Harmonogram szkolenia Superwizja jako narz\u0119dzie radzenia sobie z trudno\u015bciami zawodowymi i wypaleniem  <a href=\"http:\/\/www.zsczudec.pl\/wp-content\/uploads\/Harmonogram-Superwizja-jako-narzedzie-radzenia-sobie-z-trudnosciami-zawodowymi-i-wypaleniem-28.10.2025-r.-.pdf\">http:\/\/www.zsczudec.pl\/wp-content\/uploads\/Harmonogram-Superwizja-jako-narzedzie-radzenia-sobie-z-trudnosciami-zawodowymi-i-wypaleniem-28.10.2025-r.-.pdf<\/a><\/p>\n\n\n\n<p>Harmonogram studi\u00f3w dla nauczycieli:<\/p>\n\n\n\n<p>Harmonogram studi\u00f3w z terapii autyzmu: <\/p>\n\n\n\n<p>Harmonogram studi\u00f3w Integracja sensoryczna i terapia: <a href=\"http:\/\/www.zsczudec.pl\/wp-content\/uploads\/Studia-podyplomowe-Integracja-sensoryczna-diagnoza-i-terapia-Semestr-III-.pdf\">http:\/\/www.zsczudec.pl\/wp-content\/uploads\/Studia-podyplomowe-Integracja-sensoryczna-diagnoza-i-terapia-Semestr-III-.pdf<\/a><\/p>\n\n\n\n<p>Harmonogram studi\u00f3w Edukacja i terapia os\u00f3b z zaburzeniami ze spektrum autyzmu: <a href=\"http:\/\/www.zsczudec.pl\/wp-content\/uploads\/Studia-podyplomowe-Edukacja-i-terapia-osb-z-zaburzeniami-ze-spektrum-autyzmu-Semestr-III-1.pdf\">http:\/\/www.zsczudec.pl\/wp-content\/uploads\/Studia-podyplomowe-Edukacja-i-terapia-osb-z-zaburzeniami-ze-spektrum-autyzmu-Semestr-III-1.pdf<\/a><\/p>\n\n\n\n<p>Harmonogram studi\u00f3w z integracji sensorycznej: <a href=\"http:\/\/www.zsczudec.pl\/wp-content\/uploads\/Harmonogram-Studia-podyplomowe-Integracja-Sensoryczna-terapia-i-diagnoza-Semestr-II.pdf\">http:\/\/www.zsczudec.pl\/wp-content\/uploads\/Harmonogram-Studia-podyplomowe-Integracja-Sensoryczna-terapia-i-diagnoza-Semestr-II.pdf<\/a><\/p>\n\n\n\n<p>-Edukacja i terapia os\u00f3b z zaburzeniami autyzmu: <a href=\"http:\/\/www.zsczudec.pl\/wp-content\/uploads\/Harmonogram-studiow-podyplomowych-Edukacja-i-terapia-osb-z-zaburzeniami-autyzmu.pdf\">http:\/\/www.zsczudec.pl\/wp-content\/uploads\/Harmonogram-studiow-podyplomowych-Edukacja-i-terapia-osb-z-zaburzeniami-autyzmu.pdf<\/a><\/p>\n\n\n\n<p>-Integracja sensoryczna diagnoza i terapia: <a href=\"http:\/\/www.zsczudec.pl\/wp-content\/uploads\/Harmonogram-studiow-podyplomowych-Integracja-sensoryczna-diagnoza-i-terapia.pdf\">http:\/\/www.zsczudec.pl\/wp-content\/uploads\/Harmonogram-studiow-podyplomowych-Integracja-sensoryczna-diagnoza-i-terapia.pdf<\/a><\/p>\n\n\n\n<p>-Harmonogram szkolenia z cyberbezpiecze\u0144stwa; <a href=\"http:\/\/www.zsczudec.pl\/wp-content\/uploads\/Szkolenie-dla-nauczycieli-z-zakresu-cyberbezpieczenstwa-I-II-grupa-26.05.2025-09.06.2025.pdf\">http:\/\/www.zsczudec.pl\/wp-content\/uploads\/Szkolenie-dla-nauczycieli-z-zakresu-cyberbezpieczenstwa-I-II-grupa-26.05.2025-09.06.2025.pdf<\/a><\/p>\n\n\n\n<p>Harmonogram szkolenia Aplikacja AI w \u017cyciu zawodowym i osobistym nauczyciela: <a href=\"http:\/\/www.zsczudec.pl\/wp-content\/uploads\/Harmonogram-Aplikacje-AI-w-zyciu-zawodowym-i-osobistym-nauczyciela-12.12.2025.pdf\">http:\/\/www.zsczudec.pl\/wp-content\/uploads\/Harmonogram-Aplikacje-AI-w-zyciu-zawodowym-i-osobistym-nauczyciela-12.12.2025.pdf<\/a><\/p>\n\n\n\n<p>Harmonogram szkolenia: AI-sztuczna inteligencja dla nauczycieli: <a href=\"http:\/\/www.zsczudec.pl\/wp-content\/uploads\/Harmonomgram-AI-sztuczna-inteligencja-dla-nauczycieli-16.12.2025-r.-2.pdf\">http:\/\/www.zsczudec.pl\/wp-content\/uploads\/Harmonomgram-AI-sztuczna-inteligencja-dla-nauczycieli-16.12.2025-r.-2.pdf<\/a><\/p>\n\n\n\n<p>uczniowie:<\/p>\n\n\n\n<p>Harmonogram Szkolenia kelnerskiego: <a href=\"http:\/\/www.zsczudec.pl\/wp-content\/uploads\/Harmonogram-szkolenie-kelnerskie-Grupa-I-07.05.2026-r.pdf\">http:\/\/www.zsczudec.pl\/wp-content\/uploads\/Harmonogram-szkolenie-kelnerskie-Grupa-I-07.05.2026-r.pdf<\/a><\/p>\n\n\n\n<p>Harmonogram kursu baristycznego gr.I: <a href=\"http:\/\/www.zsczudec.pl\/wp-content\/uploads\/Harmonogram-szkolenie-baristyczne-Grupa-I-od-20.04.2026-r.pdf\">http:\/\/www.zsczudec.pl\/wp-content\/uploads\/Harmonogram-szkolenie-baristyczne-Grupa-I-od-20.04.2026-r.pdf<\/a><\/p>\n\n\n\n<p>Harmonogram kursu baristycznego gr. II: <a href=\"http:\/\/www.zsczudec.pl\/wp-content\/uploads\/Harmonogram-szkolenie-baristyczne-Grupa-II-od-25.04.2026-r.pdf\">http:\/\/www.zsczudec.pl\/wp-content\/uploads\/Harmonogram-szkolenie-baristyczne-Grupa-II-od-25.04.2026-r.pdf<\/a><\/p>\n\n\n\n<p>Harmonogram kursu operatora zag\u0119szczarki: <a href=\"http:\/\/www.zsczudec.pl\/wp-content\/uploads\/Harmonogram-Kurs-Operatora-Zageszczarki-i-Ubijarki-Wibracyjnej.pdf\">http:\/\/www.zsczudec.pl\/wp-content\/uploads\/Harmonogram-Kurs-Operatora-Zageszczarki-i-Ubijarki-Wibracyjnej.pdf<\/a><\/p>\n\n\n\n<p>Harmonogram warsztat\u00f3w cukierniczych- dekorowanie tort\u00f3w: <a href=\"http:\/\/www.zsczudec.pl\/wp-content\/uploads\/Harmonogram-Warsztaty-cukiernicze-nowoczesne-dekorowanie-tortw-23.03.2026-r.pdf\">http:\/\/www.zsczudec.pl\/wp-content\/uploads\/Harmonogram-Warsztaty-cukiernicze-nowoczesne-dekorowanie-tortw-23.03.2026-r.pdf<\/a><\/p>\n\n\n\n<p>Harmonogram Warsztat\u00f3w cukierniczych- dekorowanie piernik\u00f3w: <a href=\"http:\/\/www.zsczudec.pl\/wp-content\/uploads\/Harmonogram-Warsztaty-cukiernicze-dekorowanie-piernik\u221a\u2265w-lukrem-kr\u221a\u2265lewskim-28.03.2026.pdf\">http:\/\/www.zsczudec.pl\/wp-content\/uploads\/Harmonogram-Warsztaty-cukiernicze-dekorowanie-piernik\u221a\u2265w-lukrem-kr\u221a\u2265lewskim-28.03.2026.pdf<\/a><\/p>\n\n\n\n<p>Harmonogram kursu operatora agregatu tynkarskiego: <a href=\"http:\/\/www.zsczudec.pl\/wp-content\/uploads\/Harmonogram-kursu-operatora-agregatu-tynkarskiego-1-1.pdf\">http:\/\/www.zsczudec.pl\/wp-content\/uploads\/Harmonogram-kursu-operatora-agregatu-tynkarskiego-1-1.pdf<\/a><\/p>\n\n\n\n<p>Harmonogram -wizyta studyjna <a href=\"http:\/\/www.zsczudec.pl\/wp-content\/uploads\/Harmonogram-wizyta-studyjna-dla-uczniow-do-Siedliska-Janczar-w-Pstragowej-02.12.2025-r-1.pdf\">http:\/\/www.zsczudec.pl\/wp-content\/uploads\/Harmonogram-wizyta-studyjna-dla-uczniow-do-Siedliska-Janczar-w-Pstragowej-02.12.2025-r-1.pdf<\/a><\/p>\n\n\n\n<p>Harmonogram &#8222;Akademia przedsi\u0119biorczo\u015bci&#8221;: <a href=\"http:\/\/www.zsczudec.pl\/wp-content\/uploads\/Harmonogram-Akademia-przedsiebiorczosci-Zmiana-I-z-dnia-27.11.2025-r.pdf\">http:\/\/www.zsczudec.pl\/wp-content\/uploads\/Harmonogram-Akademia-przedsiebiorczosci-Zmiana-I-z-dnia-27.11.2025-r.pdf<\/a><\/p>\n\n\n\n<p>Sta\u017ce uczniowskie harmonogram: <a href=\"http:\/\/www.zsczudec.pl\/wp-content\/uploads\/Harmononogram-staze-uczniowskie-w-terminie-03.11.2025-r.-01.12.2025-r.pdf\">http:\/\/www.zsczudec.pl\/wp-content\/uploads\/Harmononogram-staze-uczniowskie-w-terminie-03.11.2025-r.-01.12.2025-r.pdf<\/a><\/p>\n\n\n\n<p>Poprawiony harmonogram sta\u017cy uczniowskich: <a href=\"http:\/\/www.zsczudec.pl\/wp-content\/uploads\/Harmonogram-stazu-uczniowskiego-w-terminie-06.10.2025-r.-04.11.2025-r.pdf\">http:\/\/www.zsczudec.pl\/wp-content\/uploads\/Harmonogram-stazu-uczniowskiego-w-terminie-06.10.2025-r.-04.11.2025-r.pdf<\/a><\/p>\n\n\n\n<p>Harmonogram sta\u017cy uczniowskich: <a href=\"http:\/\/www.zsczudec.pl\/wp-content\/uploads\/Harmonogram-staz-uczniowski-w-terminie-od-06.10.2025-r.-do-04.11.2025-r.pdf\">http:\/\/www.zsczudec.pl\/wp-content\/uploads\/Harmonogram-staz-uczniowski-w-terminie-od-06.10.2025-r.-do-04.11.2025-r.pdf<\/a><\/p>\n\n\n\n<p>Harmonogram szkolenia z cyberbezpiecze\u0144stwa gr.V: <a href=\"http:\/\/www.zsczudec.pl\/wp-content\/uploads\/Harmonogram-szkolenie-z-cyberbezpieczenstwa-dla-uczniow-grupa-V.pdf\">http:\/\/www.zsczudec.pl\/wp-content\/uploads\/Harmonogram-szkolenie-z-cyberbezpieczenstwa-dla-uczniow-grupa-V.pdf<\/a><\/p>\n\n\n\n<p>Harmonogram zaj\u0119\u0107 Akademia przedsi\u0119biorczo\u015bci: <a href=\"http:\/\/www.zsczudec.pl\/wp-content\/uploads\/Harmonogram-zajec-Akademia-przedsiebiorczosci-29.09.2025-r.pdf\">http:\/\/www.zsczudec.pl\/wp-content\/uploads\/Harmonogram-zajec-Akademia-przedsiebiorczosci-29.09.2025-r.pdf<\/a><\/p>\n\n\n\n<p>Harmonogram zaj\u0119\u0107 rozwijaj\u0105cych umiej\u0119tno\u015b\u0107 uczenia si\u0119: <a href=\"http:\/\/www.zsczudec.pl\/wp-content\/uploads\/Harmonogram-Zajecia-rozwijajace-umiejetnosc-uczenia-sie-02.10.2025-r.-.pdf\">http:\/\/www.zsczudec.pl\/wp-content\/uploads\/Harmonogram-Zajecia-rozwijajace-umiejetnosc-uczenia-sie-02.10.2025-r.-.pdf<\/a><\/p>\n\n\n\n<p>Harmonogram zaj\u0119\u0107 z matematyki: <a href=\"http:\/\/www.zsczudec.pl\/wp-content\/uploads\/Harmonogram-zajec-z-matematyki-Z-matematyka-za-pan-brat-26.09.2025-r-.pdf\">http:\/\/www.zsczudec.pl\/wp-content\/uploads\/Harmonogram-zajec-z-matematyki-Z-matematyka-za-pan-brat-26.09.2025-r-.pdf<\/a><\/p>\n\n\n\n<p>Harmonogram zaj\u0119\u0107 z j\u0119zyka polskiego &#8222;M\u0142ody polonista&#8221;: <a href=\"http:\/\/www.zsczudec.pl\/wp-content\/uploads\/Harmonogram-zajec-z-jezyka-polskiego-Mlody-Polonista-25.09.2025-r.pdf\">http:\/\/www.zsczudec.pl\/wp-content\/uploads\/Harmonogram-zajec-z-jezyka-polskiego-Mlody-Polonista-25.09.2025-r.pdf<\/a><\/p>\n\n\n\n<p>Harmonogram kursu z zakresu cyberbezpiecze\u0144stwa: <a href=\"http:\/\/www.zsczudec.pl\/wp-content\/uploads\/Harmonogram-szkolenia-z-zakresu-cyberbezpieczenstwa-dla-uczniow-Grupa-IV-24-29.09.2025-r.pdf\">http:\/\/www.zsczudec.pl\/wp-content\/uploads\/Harmonogram-szkolenia-z-zakresu-cyberbezpieczenstwa-dla-uczniow-Grupa-IV-24-29.09.2025-r.pdf<\/a><\/p>\n\n\n\n<p>Harmonogram sta\u017cy uczniowskich: <a href=\"http:\/\/www.zsczudec.pl\/wp-content\/uploads\/Harmonogram-.pdf\">http:\/\/www.zsczudec.pl\/wp-content\/uploads\/Harmonogram-.pdf<\/a><\/p>\n\n\n\n<p>Harmonogram sta\u017cy uczniowskich: <a href=\"http:\/\/www.zsczudec.pl\/wp-content\/uploads\/Harmonogram-staze-uczniowskie-od-07.07.2025-r.-do-01.08.2025-r.pdf\">http:\/\/www.zsczudec.pl\/wp-content\/uploads\/Harmonogram-staze-uczniowskie-od-07.07.2025-r.-do-01.08.2025-r.pdf<\/a><\/p>\n\n\n\n<p>Harmonogram szkolenia z cyberbezpiecze\u0144stwa gr III: <a href=\"http:\/\/www.zsczudec.pl\/wp-content\/uploads\/Harmonogram-szkolenie-z-cyberbezpieczenstwa-grupa-III.pdf\">http:\/\/www.zsczudec.pl\/wp-content\/uploads\/Harmonogram-szkolenie-z-cyberbezpieczenstwa-grupa-III.pdf<\/a><\/p>\n\n\n\n<p>Harmonogram kursu wykonywania pow\u0142ok z farb i tynk\u00f3w: <a href=\"http:\/\/www.zsczudec.pl\/wp-content\/uploads\/Harmonogram-kurs-wykonywania-powlok-z-farb-i-tynkow-dekoracyjnych-III-grupa-.pdf\">http:\/\/www.zsczudec.pl\/wp-content\/uploads\/Harmonogram-kurs-wykonywania-powlok-z-farb-i-tynkow-dekoracyjnych-III-grupa-.pdf<\/a><\/p>\n\n\n\n<p>Harmonogram sta\u017cy uczniowskich 2 czerwca: <a href=\"http:\/\/www.zsczudec.pl\/wp-content\/uploads\/Harmonogram-staze-uczniowskie-02.06.2025-r.-30.06.2025-r.-.pdf\">http:\/\/www.zsczudec.pl\/wp-content\/uploads\/Harmonogram-staze-uczniowskie-02.06.2025-r.-30.06.2025-r.-.pdf<\/a><\/p>\n\n\n\n<p>Harmonogram szkolenia z wykonywania pow\u0142ok malarskich: <a href=\"http:\/\/www.zsczudec.pl\/wp-content\/uploads\/Kurs-wykonywania-powlok-z-farb-i-tynkow-dekoracyjnych-20.05.2025.pdf\">http:\/\/www.zsczudec.pl\/wp-content\/uploads\/Kurs-wykonywania-powlok-z-farb-i-tynkow-dekoracyjnych-20.05.2025.pdf<\/a><\/p>\n\n\n\n<p> harmonogram szkolenia z cyberbezpiecze\u0144stwa: <a href=\"http:\/\/www.zsczudec.pl\/wp-content\/uploads\/Szkolenie-dla-uczniow-z-zakresu-cyberbezpieczenstwa-22.02.2025-r.-II-grupa.pdf\">http:\/\/www.zsczudec.pl\/wp-content\/uploads\/Szkolenie-dla-uczniow-z-zakresu-cyberbezpieczenstwa-22.02.2025-r.-II-grupa.pdf<\/a><\/p>\n\n\n\n<p>Harmonogram sta\u017cy uczniowskich: <a href=\"http:\/\/www.zsczudec.pl\/wp-content\/uploads\/Harmonogram-staze-uczniowskie-w-terminie-05.05.2025-r.-30.05.2025-r.pdf\">http:\/\/www.zsczudec.pl\/wp-content\/uploads\/Harmonogram-staze-uczniowskie-w-terminie-05.05.2025-r.-30.05.2025-r.pdf<\/a><\/p>\n\n\n\n<p>Harmonogram-wizyta studyjna: <a href=\"http:\/\/www.zsczudec.pl\/wp-content\/uploads\/Harmonogram-Wizyta-studyjna-do-Hotelu-im.-Sw.-Jana-Pawla-II-we-Wroclawi.pdf\">http:\/\/www.zsczudec.pl\/wp-content\/uploads\/Harmonogram-Wizyta-studyjna-do-Hotelu-im.-Sw.-Jana-Pawla-II-we-Wroclawi.pdf<\/a><\/p>\n\n\n\n<p>Harmonogram kursu wykonywania pow\u0142ok farb i tynk\u00f3w dekoracyjnych: <a href=\"http:\/\/www.zsczudec.pl\/wp-content\/uploads\/Harmonogram-Kurs-wykonywania-powlok-z-farb-i-tynkow-dekoracyjnych-23.04.2025-r.pdf\">http:\/\/www.zsczudec.pl\/wp-content\/uploads\/Harmonogram-Kurs-wykonywania-powlok-z-farb-i-tynkow-dekoracyjnych-23.04.2025-r.pdf<\/a><\/p>\n\n\n\n<p>Harmonogram wizyty studyjnej: <a href=\"http:\/\/www.zsczudec.pl\/wp-content\/uploads\/Harmonogram-wizyta-studyjna-do-PIIB-w-Rzeszowie.pdf\">http:\/\/www.zsczudec.pl\/wp-content\/uploads\/Harmonogram-wizyta-studyjna-do-PIIB-w-Rzeszowie.pdf<\/a><\/p>\n\n\n\n<p>Harmonogram sta\u017cy uczniowskich: <a href=\"http:\/\/www.zsczudec.pl\/wp-content\/uploads\/Harmonogram-staz-uczniowski-17.03.2025-11.04.2025.pdf\">http:\/\/www.zsczudec.pl\/wp-content\/uploads\/Harmonogram-staz-uczniowski-17.03.2025-11.04.2025.pdf<\/a><\/p>\n\n\n\n<p>Harmonogram zaj\u0119\u0107 z cyberbezpiecze\u0144stwa: <a href=\"http:\/\/www.zsczudec.pl\/wp-content\/uploads\/harmonogram-cyberbezpieczenstw-ZS-Czudec.pdf\">http:\/\/www.zsczudec.pl\/wp-content\/uploads\/harmonogram-cyberbezpieczenstw-ZS-Czudec.pdf<\/a><\/p>\n\n\n\n<p>Harmonogram zaj\u0119\u0107 rozwijaj\u0105cych umiej\u0119tno\u015bci uczenia si\u0119: <a href=\"http:\/\/www.zsczudec.pl\/wp-content\/uploads\/Harmonogram-Zajecia-rozwijajace-umiejetnosc-uczenia-sie-.pdf\">http:\/\/www.zsczudec.pl\/wp-content\/uploads\/Harmonogram-Zajecia-rozwijajace-umiejetnosc-uczenia-sie-.pdf<\/a><\/p>\n\n\n\n<p>Poprawiony harmonogram zaj\u0119\u0107 z matematyki: <a href=\"http:\/\/www.zsczudec.pl\/wp-content\/uploads\/Harmonogram-Z-matematyka-za-pan-brat-zmiana-.pdf\">http:\/\/www.zsczudec.pl\/wp-content\/uploads\/Harmonogram-Z-matematyka-za-pan-brat-zmiana-.pdf<\/a><\/p>\n\n\n\n<p>Harmonogram zaj\u0119\u0107 z przedsi\u0119biorczo\u015bci:<a href=\"http:\/\/www.zsczudec.pl\/wp-content\/uploads\/harmonogram-zajec-z-przedsiebiorczosci.pdf\">http:\/\/www.zsczudec.pl\/wp-content\/uploads\/harmonogram-zajec-z-przedsiebiorczosci.pdf<\/a><\/p>\n\n\n\n<p>Harmonogram zaj\u0119\u0107 polonistycznych:<a href=\"http:\/\/www.zsczudec.pl\/wp-content\/uploads\/harmonogram-zajec-polonistycznych.pdf\">http:\/\/www.zsczudec.pl\/wp-content\/uploads\/harmonogram-zajec-polonistycznych.pdf<\/a><\/p>\n\n\n\n<p>Harmonogram zaj\u0119\u0107 matematycznych:<a href=\"http:\/\/www.zsczudec.pl\/wp-content\/uploads\/harmonogram-zajec-matematycznych.pdf\">http:\/\/www.zsczudec.pl\/wp-content\/uploads\/harmonogram-zajec-matematycznych.pdf<\/a><\/p>\n\n\n\n<p>Harmonogram udzielania wsparcia () <a href=\"http:\/\/www.zsczudec.pl\/wp-content\/uploads\/HARMONOGRAM.pdf\">http:\/\/www.zsczudec.pl\/wp-content\/uploads\/HARMONOGRAM.pdf<\/a><\/p>\n\n\n\n<p><\/p>\n","protected":false},"excerpt":{"rendered":"<p>INFORMACJA O PROJEKCIE: http:\/\/www.zsczudec.pl\/wp-content\/uploads\/Informacja-o-projekcie1.pdf AKTUALNO\u015aCI: Og\u0142oszenie o sta\u017cach: http:\/\/www.zsczudec.pl\/wp-content\/uploads\/OGLOSZENIE.pdf Zapraszamy nauczycieli do udzia\u0142u w projekcie \u201eDostosowanie oferty Zespo\u0142u Szk\u00f3\u0142 w Czudcu do [&hellip;]<\/p>\n","protected":false},"author":1,"featured_media":0,"parent":0,"menu_order":0,"comment_status":"closed","ping_status":"closed","template":"","meta":{"footnotes":""},"class_list":["post-2424","page","type-page","status-publish","hentry"],"_links":{"self":[{"href":"https:\/\/www.zsczudec.pl\/index.php?rest_route=\/wp\/v2\/pages\/2424","targetHints":{"allow":["GET"]}}],"collection":[{"href":"https:\/\/www.zsczudec.pl\/index.php?rest_route=\/wp\/v2\/pages"}],"about":[{"href":"https:\/\/www.zsczudec.pl\/index.php?rest_route=\/wp\/v2\/types\/page"}],"author":[{"embeddable":true,"href":"https:\/\/www.zsczudec.pl\/index.php?rest_route=\/wp\/v2\/users\/1"}],"replies":[{"embeddable":true,"href":"https:\/\/www.zsczudec.pl\/index.php?rest_route=%2Fwp%2Fv2%2Fcomments&post=2424"}],"version-history":[{"count":72,"href":"https:\/\/www.zsczudec.pl\/index.php?rest_route=\/wp\/v2\/pages\/2424\/revisions"}],"predecessor-version":[{"id":2905,"href":"https:\/\/www.zsczudec.pl\/index.php?rest_route=\/wp\/v2\/pages\/2424\/revisions\/2905"}],"wp:attachment":[{"href":"https:\/\/www.zsczudec.pl\/index.php?rest_route=%2Fwp%2Fv2%2Fmedia&parent=2424"}],"curies":[{"name":"wp","href":"https:\/\/api.w.org\/{rel}","templated":true}]}}