{"id":220,"date":"2020-01-19T22:05:53","date_gmt":"2020-01-19T21:05:53","guid":{"rendered":"http:\/\/www.zsczudec.pl\/?page_id=220"},"modified":"2026-03-15T21:37:42","modified_gmt":"2026-03-15T20:37:42","slug":"dyrekcja","status":"publish","type":"page","link":"https:\/\/www.zsczudec.pl\/?page_id=220","title":{"rendered":"Dyrekcja"},"content":{"rendered":"\n<figure class=\"wp-block-image aligncenter size-large is-style-default\"><img fetchpriority=\"high\" decoding=\"async\" width=\"640\" height=\"480\" src=\"http:\/\/www.zsczudec.pl\/wp-content\/uploads\/2020\/01\/IMG_0463.jpg\" alt=\"\" class=\"wp-image-221\" srcset=\"https:\/\/www.zsczudec.pl\/wp-content\/uploads\/2020\/01\/IMG_0463.jpg 640w, https:\/\/www.zsczudec.pl\/wp-content\/uploads\/2020\/01\/IMG_0463-300x225.jpg 300w, https:\/\/www.zsczudec.pl\/wp-content\/uploads\/2020\/01\/IMG_0463-230x173.jpg 230w, https:\/\/www.zsczudec.pl\/wp-content\/uploads\/2020\/01\/IMG_0463-350x263.jpg 350w, https:\/\/www.zsczudec.pl\/wp-content\/uploads\/2020\/01\/IMG_0463-480x360.jpg 480w\" sizes=\"(max-width: 640px) 100vw, 640px\" \/><\/figure>\n\n\n\n<h5 class=\"wp-block-heading\">Dyrektor<br>Zespo\u0142u Szk\u00f3\u0142 w Czudcu<\/h5>\n\n\n\n<p>mgr Ryszard Wacko<\/p>\n\n\n\n<figure class=\"wp-block-image aligncenter size-large is-resized\"><img decoding=\"async\" width=\"768\" height=\"1024\" src=\"https:\/\/www.zsczudec.pl\/wp-content\/uploads\/IMG_2214-768x1024.jpeg\" alt=\"\" class=\"wp-image-2245\" style=\"width:477px;height:auto\" srcset=\"https:\/\/www.zsczudec.pl\/wp-content\/uploads\/IMG_2214-768x1024.jpeg 768w, https:\/\/www.zsczudec.pl\/wp-content\/uploads\/IMG_2214-225x300.jpeg 225w, https:\/\/www.zsczudec.pl\/wp-content\/uploads\/IMG_2214-1152x1536.jpeg 1152w, https:\/\/www.zsczudec.pl\/wp-content\/uploads\/IMG_2214-1536x2048.jpeg 1536w, https:\/\/www.zsczudec.pl\/wp-content\/uploads\/IMG_2214-1000x1333.jpeg 1000w, https:\/\/www.zsczudec.pl\/wp-content\/uploads\/IMG_2214-230x307.jpeg 230w, https:\/\/www.zsczudec.pl\/wp-content\/uploads\/IMG_2214-350x467.jpeg 350w, https:\/\/www.zsczudec.pl\/wp-content\/uploads\/IMG_2214-480x640.jpeg 480w, https:\/\/www.zsczudec.pl\/wp-content\/uploads\/IMG_2214-scaled.jpeg 1920w\" sizes=\"(max-width: 768px) 100vw, 768px\" \/><\/figure>\n\n\n\n<h5 class=\"wp-block-heading\"><strong>Wicedyrektor&nbsp;Zespo\u0142u Szk\u00f3\u0142 w Czudcu<br>ds. kszta\u0142cenia praktycznego i zawodowego<\/strong><\/h5>\n\n\n\n<p>mgr in\u017c. Monika Tarczy\u0144ska &#8211; Obrocka<\/p>\n\n\n\n<h2 class=\"wp-block-heading\">Nauczyciele<\/h2>\n\n\n\n<p><strong>Kadra pedagogiczna w roku szkolnym 2023\/2024:<\/strong><\/p>\n\n\n\n<p><strong>Przedmioty og\u00f3lnokszta\u0142c\u0105ce:<\/strong><\/p>\n\n\n\n<ul class=\"wp-block-list\">\n<li>biologia &#8211; Ziobro Jolanta<\/li>\n\n\n\n<li>chemia: Jolanta Ziobro<\/li>\n\n\n\n<li>j\u0119zyk angielski:  Ryka\u0142a Agnieszka, Sharp Agnieszka<\/li>\n\n\n\n<li>j\u0119zyk niemiecki:  Gurbisz Urszula<\/li>\n\n\n\n<li>fizyka: Wacko Ryszard<\/li>\n\n\n\n<li>geografia: \u017bo\u0142\u0105dek Renata, Wacko Ryszard, Machowska Agnieszka<\/li>\n\n\n\n<li>historia: \u017bo\u0142\u0105dek Renata,<\/li>\n\n\n\n<li>j\u0119zyk polski:  Pietrucha El\u017cbieta<\/li>\n\n\n\n<li>matematyka: Ma\u0142gorzata Baran<\/li>\n\n\n\n<li>podstawy przedsi\u0119biorczo\u015bci: Pi\u0119ko\u015b Ma\u0142gorzata<\/li>\n\n\n\n<li>edukacja dla bezpiecze\u0144stwa: Ha\u0142as Bartosz<\/li>\n\n\n\n<li>religia: ks. Guzior Grzegorz<\/li>\n\n\n\n<li>informatyka: Wolan \u0141ukasz, Wacko Ryszard<\/li>\n\n\n\n<li>wiedza o spo\u0142ecze\u0144stwie: \u017bo\u0142\u0105dek Renata<\/li>\n\n\n\n<li>wychowanie fizyczne: Szela Wojciech, Ha\u0142as Bartosz<\/li>\n\n\n\n<li>wychowanie do \u017cycia w rodzinie: Pytko Marta&nbsp;<\/li>\n\n\n\n<li>doradztwo zawodowe : Pi\u0119ko\u015b Ma\u0142gorzata<\/li>\n<\/ul>\n\n\n\n<p><strong>Przedmioty zawodowe:<\/strong><\/p>\n\n\n\n<p><strong>Technikum budowlane:<\/strong><\/p>\n\n\n\n<ul class=\"wp-block-list\">\n<li>Dziadosz Agnieszka<\/li>\n\n\n\n<li>Koz\u0142owska Krystyna<\/li>\n\n\n\n<li>Hnat\u00f3w Tomasz<\/li>\n<\/ul>\n\n\n\n<p><strong>Technikum w zawodzie : Hotelarz<\/strong><\/p>\n\n\n\n<ul class=\"wp-block-list\">\n<li>Magdalena Farej<\/li>\n<\/ul>\n\n\n\n<p><strong>Technikum \u017bywienia i Us\u0142ug Gastronomicznych:<\/strong><\/p>\n\n\n\n<ul class=\"wp-block-list\">\n<li>Cygan Anna<\/li>\n\n\n\n<li>Farej Magdalena<\/li>\n\n\n\n<li>Machowska Agnieszka<\/li>\n\n\n\n<li>Moskwa Joanna<\/li>\n\n\n\n<li>Szela Justyna<\/li>\n\n\n\n<li>Pi\u0119ko\u015b Ma\u0142gorzata<\/li>\n<\/ul>\n\n\n\n<p>Zaj\u0119cia w profilu stra\u017cacko-ratowniczym:<\/p>\n\n\n\n<p>Krzanowski \u0141ukasz<\/p>\n\n\n\n<p><strong>Biblioteka szkolna:<\/strong><\/p>\n\n\n\n<ul class=\"wp-block-list\">\n<li>Bytnar Lidia<\/li>\n<\/ul>\n\n\n\n<p><strong>Zaj\u0119cia rewalidacyjne :<\/strong><\/p>\n\n\n\n<ul class=\"wp-block-list\">\n<li>Pietrucha El\u017cbieta<\/li>\n\n\n\n<li>Szela Justyna<\/li>\n\n\n\n<li>Machowska Agnieszka<\/li>\n\n\n\n<li>Szela Justyna<\/li>\n<\/ul>\n\n\n\n<p>Pedagog szkolny:<\/p>\n\n\n\n<ul class=\"wp-block-list\">\n<li><strong>Domino Tomasz<\/strong><\/li>\n<\/ul>\n\n\n\n<p>Pedagog specjalny:<\/p>\n\n\n\n<ul class=\"wp-block-list\">\n<li>Cygan Anna<\/li>\n\n\n\n<li>Moskwa Joanna<\/li>\n\n\n\n<li>Machowska Agnieszka<\/li>\n<\/ul>\n\n\n\n<p>Psycholog:<\/p>\n\n\n\n<p>Szmyd Joanna<\/p>\n","protected":false},"excerpt":{"rendered":"<p>DyrektorZespo\u0142u Szk\u00f3\u0142 w Czudcu mgr Ryszard Wacko Wicedyrektor&nbsp;Zespo\u0142u Szk\u00f3\u0142 w Czudcuds. kszta\u0142cenia praktycznego i zawodowego mgr in\u017c. Monika Tarczy\u0144ska &#8211; Obrocka Nauczyciele [&hellip;]<\/p>\n","protected":false},"author":1,"featured_media":0,"parent":0,"menu_order":0,"comment_status":"closed","ping_status":"closed","template":"","meta":{"footnotes":""},"class_list":["post-220","page","type-page","status-publish","hentry"],"_links":{"self":[{"href":"https:\/\/www.zsczudec.pl\/index.php?rest_route=\/wp\/v2\/pages\/220","targetHints":{"allow":["GET"]}}],"collection":[{"href":"https:\/\/www.zsczudec.pl\/index.php?rest_route=\/wp\/v2\/pages"}],"about":[{"href":"https:\/\/www.zsczudec.pl\/index.php?rest_route=\/wp\/v2\/types\/page"}],"author":[{"embeddable":true,"href":"https:\/\/www.zsczudec.pl\/index.php?rest_route=\/wp\/v2\/users\/1"}],"replies":[{"embeddable":true,"href":"https:\/\/www.zsczudec.pl\/index.php?rest_route=%2Fwp%2Fv2%2Fcomments&post=220"}],"version-history":[{"count":4,"href":"https:\/\/www.zsczudec.pl\/index.php?rest_route=\/wp\/v2\/pages\/220\/revisions"}],"predecessor-version":[{"id":2829,"href":"https:\/\/www.zsczudec.pl\/index.php?rest_route=\/wp\/v2\/pages\/220\/revisions\/2829"}],"wp:attachment":[{"href":"https:\/\/www.zsczudec.pl\/index.php?rest_route=%2Fwp%2Fv2%2Fmedia&parent=220"}],"curies":[{"name":"wp","href":"https:\/\/api.w.org\/{rel}","templated":true}]}}