{"id":1704,"date":"2022-11-09T12:58:22","date_gmt":"2022-11-09T11:58:22","guid":{"rendered":"https:\/\/www.zsczudec.pl\/?page_id=1704"},"modified":"2025-10-06T05:37:48","modified_gmt":"2025-10-06T03:37:48","slug":"informacje","status":"publish","type":"page","link":"https:\/\/www.zsczudec.pl\/?page_id=1704","title":{"rendered":"Informacje"},"content":{"rendered":"\n<p>Standardy ochrony ma\u0142oletnich:<\/p>\n\n\n\n<p> <a href=\"http:\/\/www.zsczudec.pl\/wp-content\/uploads\/Standardy-ochrony-maleletnich-Czudecwersja-poprawiona-z-22.09.2025-r.1.pdf\">http:\/\/www.zsczudec.pl\/wp-content\/uploads\/Standardy-ochrony-maleletnich-Czudecwersja-poprawiona-z-22.09.2025-r.1.pdf<\/a><\/p>\n\n\n\n<p><strong>II Og\u00f3lnopolski Konkurs &#8222;O Kwiat Tulipanowca&#8221;<\/strong><\/p>\n\n\n\n<p>W zwi\u0105zku z pro\u015bbami od zainteresowanych os\u00f3b organizatorzy Og\u00f3lnopolskiego Konkursu &#8222;O kwiat tulipanowca&#8221; postanowili wyd\u0142u\u017cy\u0107 termin nadsy\u0142ania prac konkursowych do 15 maja 2023 roku. \u017byczymy owocnej pracy i zapraszamy do udzia\u0142u.<\/p>\n\n\n\n<p>Link do Zgody na przetwarzanie danych osobowych: <a href=\"http:\/\/www.zsczudec.pl\/wp-content\/uploads\/2023\/04\/PRZETWARZANIE-DANYCH-OSOBOWYCH.pdf\">http:\/\/www.zsczudec.pl\/wp-content\/uploads\/2023\/04\/PRZETWARZANIE-DANYCH-OSOBOWYCH.pdf<\/a><\/p>\n\n\n\n<p><\/p>\n\n\n\n<p>Regulamin II Og\u00f3lnopolskiego Konkursu &#8222;O Kwiat Tulipanowca&#8221;: <a href=\"http:\/\/www.zsczudec.pl\/wp-content\/uploads\/2023\/01\/Konkurs-2.pdf\">http:\/\/www.zsczudec.pl\/wp-content\/uploads\/2023\/01\/Konkurs-2.pdf<\/a><\/p>\n\n\n\n<p><\/p>\n\n\n\n<p><strong>VI Powiatowy Festiwal Kultury Europejskiej<\/strong><\/p>\n\n\n\n<p>Zaproszenie dla uczestnik\u00f3w: <a href=\"http:\/\/www.zsczudec.pl\/wp-content\/uploads\/2022\/11\/PISMO-FKE-2022.pdf\">http:\/\/www.zsczudec.pl\/wp-content\/uploads\/2022\/11\/PISMO-FKE-2022.pdf<\/a><\/p>\n\n\n\n<p>Regulamin Konkursu: <a href=\"http:\/\/www.zsczudec.pl\/wp-content\/uploads\/2022\/11\/REGULAMIN-FKE-2022.pdf\">http:\/\/www.zsczudec.pl\/wp-content\/uploads\/2022\/11\/REGULAMIN-FKE-2022.pdf<\/a><\/p>\n","protected":false},"excerpt":{"rendered":"<p>Standardy ochrony ma\u0142oletnich: http:\/\/www.zsczudec.pl\/wp-content\/uploads\/Standardy-ochrony-maleletnich-Czudecwersja-poprawiona-z-22.09.2025-r.1.pdf II Og\u00f3lnopolski Konkurs &#8222;O Kwiat Tulipanowca&#8221; W zwi\u0105zku z pro\u015bbami od zainteresowanych os\u00f3b organizatorzy Og\u00f3lnopolskiego Konkursu &#8222;O kwiat [&hellip;]<\/p>\n","protected":false},"author":1,"featured_media":0,"parent":0,"menu_order":0,"comment_status":"closed","ping_status":"closed","template":"","meta":{"footnotes":""},"class_list":["post-1704","page","type-page","status-publish","hentry"],"_links":{"self":[{"href":"https:\/\/www.zsczudec.pl\/index.php?rest_route=\/wp\/v2\/pages\/1704","targetHints":{"allow":["GET"]}}],"collection":[{"href":"https:\/\/www.zsczudec.pl\/index.php?rest_route=\/wp\/v2\/pages"}],"about":[{"href":"https:\/\/www.zsczudec.pl\/index.php?rest_route=\/wp\/v2\/types\/page"}],"author":[{"embeddable":true,"href":"https:\/\/www.zsczudec.pl\/index.php?rest_route=\/wp\/v2\/users\/1"}],"replies":[{"embeddable":true,"href":"https:\/\/www.zsczudec.pl\/index.php?rest_route=%2Fwp%2Fv2%2Fcomments&post=1704"}],"version-history":[{"count":13,"href":"https:\/\/www.zsczudec.pl\/index.php?rest_route=\/wp\/v2\/pages\/1704\/revisions"}],"predecessor-version":[{"id":2664,"href":"https:\/\/www.zsczudec.pl\/index.php?rest_route=\/wp\/v2\/pages\/1704\/revisions\/2664"}],"wp:attachment":[{"href":"https:\/\/www.zsczudec.pl\/index.php?rest_route=%2Fwp%2Fv2%2Fmedia&parent=1704"}],"curies":[{"name":"wp","href":"https:\/\/api.w.org\/{rel}","templated":true}]}}