{"id":1501,"date":"2021-11-19T14:33:48","date_gmt":"2021-11-19T13:33:48","guid":{"rendered":"https:\/\/www.zsczudec.pl\/?page_id=1501"},"modified":"2025-10-08T12:45:56","modified_gmt":"2025-10-08T10:45:56","slug":"przetargi","status":"publish","type":"page","link":"https:\/\/www.zsczudec.pl\/?page_id=1501","title":{"rendered":"Przetargi"},"content":{"rendered":"\n<pre class=\"wp-block-preformatted\"><strong>\u201eSukcesywna dostawa artyku\u0142\u00f3w spo\u017cywczych dla Centrum Kszta\u0142cenia <br>Zawodowego przy Zespole Szk\u00f3\u0142 w Czudcu w 2026 roku\u201d.<br><\/strong>Og\u0142oszenie o wszcz\u0119ciu post\u0119powania. Post\u0119powanie prowadzone jest na <br>Platforma Zakupowa link poni\u017cej:<br><a href=\"https:\/\/platformazakupowa.pl\/transakcja\/1187776\">https:\/\/platformazakupowa.pl\/transakcja\/1187776<\/a><\/pre>\n\n\n\n<p><\/p>\n\n\n\n<p><em><strong><strong>\u201eSukcesywna dostawa artyku\u0142\u00f3w spo\u017cywczych dla Centrum Kszta\u0142cenia Zawodowego przy Zespole Szk\u00f3\u0142 w Czudcu w 2025 roku\u201d.<\/strong><\/strong><\/em><\/p>\n\n\n\n<p>Og\u0142oszenie o wszcz\u0119ciu post\u0119powania. Post\u0119powanie prowadzone jest na Platforma Zakupowa link poni\u017cej<\/p>\n\n\n\n<p><a href=\"https:\/\/platformazakupowa.pl\/transakcja\/981532\">https:\/\/platformazakupowa.pl\/transakcja\/981532<\/a><\/p>\n\n\n\n<p><a href=\"http:\/\/www.zsczudec.pl\/wp-content\/uploads\/ogloszenie-o-zamowieniu.pdf\">http:\/\/www.zsczudec.pl\/wp-content\/uploads\/ogloszenie-o-zamowieniu.pdf<\/a><\/p>\n\n\n\n<p>Plan post\u0119powania na 2025 rok: <a href=\"http:\/\/www.zsczudec.pl\/wp-content\/uploads\/Plan-postepowania-na-2025-rok.pdf\">http:\/\/www.zsczudec.pl\/wp-content\/uploads\/Plan-postepowania-na-2025-rok.pdf<\/a><\/p>\n\n\n\n<p><\/p>\n\n\n\n<p><\/p>\n\n\n\n<p>Plan post\u0119powania na 2023 r: <a href=\"http:\/\/www.zsczudec.pl\/wp-content\/uploads\/2023\/03\/Plan-postepowania-na-2023-rok.pdf\">http:\/\/www.zsczudec.pl\/wp-content\/uploads\/2023\/03\/Plan-postepowania-na-2023-rok.pdf<\/a><\/p>\n\n\n\n<p>Plan post\u0119powania na 2024 r: <a href=\"http:\/\/www.zsczudec.pl\/wp-content\/uploads\/Plan-postepowania-na-2024-rok.pdf\">http:\/\/www.zsczudec.pl\/wp-content\/uploads\/Plan-postepowania-na-2024-rok.pdf<\/a><\/p>\n\n\n\n<p><strong>Przetarg 2 2022\/2023<\/strong><\/p>\n\n\n\n<p><em><strong>Sukcesywna dostawa artyku\u0142\u00f3w spo\u017cywczych dla Centrum Kszta\u0142cenia Zawodowego w Czudcu<\/strong><\/em><\/p>\n\n\n\n<p>Og\u0142oszenie o zam\u00f3wieniu: <a href=\"http:\/\/www.zsczudec.pl\/wp-content\/uploads\/2022\/11\/Ogloszenie-o-zamowieniu.pdf\">http:\/\/www.zsczudec.pl\/wp-content\/uploads\/2022\/11\/Ogloszenie-o-zamowieniu.pdf<\/a><\/p>\n\n\n\n<p>SWZ: <a href=\"http:\/\/www.zsczudec.pl\/wp-content\/uploads\/2022\/11\/SWZ.docx\">http:\/\/www.zsczudec.pl\/wp-content\/uploads\/2022\/11\/SWZ.docx<\/a><\/p>\n\n\n\n<p>Za\u0142\u0105czniki do SWZ: <a href=\"http:\/\/www.zsczudec.pl\/wp-content\/uploads\/2022\/11\/Zalaczniki-do-SWZ.zip\">http:\/\/www.zsczudec.pl\/wp-content\/uploads\/2022\/11\/Zalaczniki-do-SWZ.zip<\/a><\/p>\n\n\n\n<p>Informacja o kwocie: <a href=\"http:\/\/www.zsczudec.pl\/wp-content\/uploads\/2022\/11\/Informacja-o-kwocie-2.pdf\">http:\/\/www.zsczudec.pl\/wp-content\/uploads\/2022\/11\/Informacja-o-kwocie-2.pdf<\/a><\/p>\n\n\n\n<p>Informacja z czynno\u015bci otwarcia ofert: <a href=\"http:\/\/www.zsczudec.pl\/wp-content\/uploads\/2022\/11\/Informacja-z-otwarcia-ofert.pdf\">http:\/\/www.zsczudec.pl\/wp-content\/uploads\/2022\/11\/Informacja-z-otwarcia-ofert.pdf<\/a><\/p>\n\n\n\n<p>Informacja o wyborze najkorzystniejszej oferty: <a href=\"http:\/\/www.zsczudec.pl\/wp-content\/uploads\/2022\/11\/Ogloszenie-o-wyborze-najkorzystniejszej-oferty-2.pdf\">http:\/\/www.zsczudec.pl\/wp-content\/uploads\/2022\/11\/Ogloszenie-o-wyborze-najkorzystniejszej-oferty-2.pdf<\/a><\/p>\n\n\n\n<p>Og\u0142oszenie o wyniku post\u0119powania: <a href=\"http:\/\/www.zsczudec.pl\/wp-content\/uploads\/2022\/11\/Ogloszenie-o-wyniku-postepowania.pdf\">http:\/\/www.zsczudec.pl\/wp-content\/uploads\/2022\/11\/Ogloszenie-o-wyniku-postepowania.pdf<\/a><\/p>\n\n\n\n<p><\/p>\n\n\n\n<p><strong>Przetarg 1 2022\/2023<\/strong><\/p>\n\n\n\n<p><em><strong>Sukcesywna dostawa artyku\u0142\u00f3w spo\u017cywczych dla Centrum Kszta\u0142cenia Zawodowego w Czudcu<\/strong><\/em><\/p>\n\n\n\n<p>Og\u0142oszenie o zam\u00f3wieniu: <a rel=\"noreferrer noopener\" href=\"http:\/\/www.zsczudec.pl\/wp-content\/uploads\/2022\/10\/Ogloszenie-o-zamowieniu.pdf\" data-type=\"URL\" data-id=\"http:\/\/www.zsczudec.pl\/wp-content\/uploads\/2022\/10\/Ogloszenie-o-zamowieniu.pdf\" target=\"_blank\">http:\/\/www.zsczudec.pl\/wp-content\/uploads\/2022\/10\/Ogloszenie-o-zamowieniu.pdf<\/a><\/p>\n\n\n\n<p>SWZ: <a rel=\"noreferrer noopener\" href=\"http:\/\/www.zsczudec.pl\/wp-content\/uploads\/2022\/10\/SWZ.docx\" data-type=\"URL\" data-id=\"http:\/\/www.zsczudec.pl\/wp-content\/uploads\/2022\/10\/SWZ.docx\" target=\"_blank\">http:\/\/www.zsczudec.pl\/wp-content\/uploads\/2022\/10\/SWZ.docx<\/a><\/p>\n\n\n\n<p>Za\u0142\u0105czniki do SWZ: <a href=\"http:\/\/www.zsczudec.pl\/wp-content\/uploads\/2022\/10\/Zalaczniki-do-SWZ.zip\" data-type=\"URL\" data-id=\"http:\/\/www.zsczudec.pl\/wp-content\/uploads\/2022\/10\/Zalaczniki-do-SWZ.zip\" target=\"_blank\" rel=\"noreferrer noopener\">http:\/\/www.zsczudec.pl\/wp-content\/uploads\/2022\/10\/Zalaczniki-do-SWZ.zip<\/a><\/p>\n\n\n\n<p>Informacja o kwocie: <a href=\"http:\/\/www.zsczudec.pl\/wp-content\/uploads\/2022\/10\/Informacja-o-kwocie-przeznaczonej-na-sfinansowanie-zamowienia.pdf\" data-type=\"URL\" data-id=\"http:\/\/www.zsczudec.pl\/wp-content\/uploads\/2022\/10\/Informacja-o-kwocie-przeznaczonej-na-sfinansowanie-zamowienia.pdf\">http:\/\/www.zsczudec.pl\/wp-content\/uploads\/2022\/10\/Informacja-o-kwocie-przeznaczonej-na-sfinansowanie-zamowienia.pdf<\/a><\/p>\n\n\n\n<p>Informacja z czynno\u015bci otwarcia ofert: <a href=\"http:\/\/www.zsczudec.pl\/wp-content\/uploads\/2022\/10\/Informacja-z-otwarcia-ofert-18.10.2022r..pdf\">http:\/\/www.zsczudec.pl\/wp-content\/uploads\/2022\/10\/Informacja-z-otwarcia-ofert-18.10.2022r..pdf<\/a><\/p>\n\n\n\n<p>Informacja o wyborze najkorzystniejszej oferty: <a href=\"http:\/\/www.zsczudec.pl\/wp-content\/uploads\/2022\/10\/Ogloszenie-o-wyborze-najkorzystniejszej-oferty.pdf\">http:\/\/www.zsczudec.pl\/wp-content\/uploads\/2022\/10\/Ogloszenie-o-wyborze-najkorzystniejszej-oferty.pdf<\/a><\/p>\n\n\n\n<p>Og\u0142oszenie o wyniku post\u0119powania: <a href=\"http:\/\/www.zsczudec.pl\/wp-content\/uploads\/2022\/10\/Ogloszenie-o-wyniku-postepowania-1.pdf\">http:\/\/www.zsczudec.pl\/wp-content\/uploads\/2022\/10\/Ogloszenie-o-wyniku-postepowania-1.pdf<\/a><\/p>\n\n\n\n<p><\/p>\n\n\n\n<p><strong>Rok 2021\/2022<\/strong><\/p>\n\n\n\n<p><strong>Przetarg 3<\/strong> Sukcesywna dostawa artyku\u0142\u00f3w spo\u017cywczych dla Centrum Kszta\u0142cenia Zawodowego w Czudcu<\/p>\n\n\n\n<p>Og\u0142oszenie o zam\u00f3wieniu <a href=\"http:\/\/www.zsczudec.pl\/wp-content\/uploads\/2021\/12\/ogloszenie-o-zamowieniu.pdf\">http:\/\/www.zsczudec.pl\/wp-content\/uploads\/2021\/12\/ogloszenie-o-zamowieniu.pdf<\/a><\/p>\n\n\n\n<p>Identyfikator post\u0119powania <a href=\"http:\/\/www.zsczudec.pl\/wp-content\/uploads\/2021\/12\/identyfikator-postepowania.docx\">http:\/\/www.zsczudec.pl\/wp-content\/uploads\/2021\/12\/identyfikator-postepowania.docx<\/a><\/p>\n\n\n\n<p>SWZ <a href=\"http:\/\/Sukcesywna dostawa artyku\u0142\u00f3w spo\u017cywczych dla Centrum Kszta\u0142cenia Zawodowego w Czudcu\">http:\/\/Sukcesywna dostawa artyku\u0142\u00f3w spo\u017cywczych dla Centrum Kszta\u0142cenia Zawodowego w Czudcu<\/a><\/p>\n\n\n\n<p>Za\u0142\u0105czniki do SWZ <a href=\"http:\/\/www.zsczudec.pl\/wp-content\/uploads\/2021\/12\/Zalaczniki-do-SWZ-2.zip\">http:\/\/www.zsczudec.pl\/wp-content\/uploads\/2021\/12\/Zalaczniki-do-SWZ-2.zip<\/a><\/p>\n\n\n\n<p>Informacja o kwocie <a href=\"http:\/\/www.zsczudec.pl\/wp-content\/uploads\/2022\/01\/INFORMACJA-O-KWOCIE-NA-SFINANSOWANIE-ZAMOWIENIA.pdf\">http:\/\/www.zsczudec.pl\/wp-content\/uploads\/2022\/01\/INFORMACJA-O-KWOCIE-NA-SFINANSOWANIE-ZAMOWIENIA.pdf<\/a><\/p>\n\n\n\n<p>Informacja z czynno\u015bci otwarcia ofert <a href=\"http:\/\/www.zsczudec.pl\/wp-content\/uploads\/2022\/01\/Informacja-z-czynnosci-otwarcia-ofert.pdf\">http:\/\/www.zsczudec.pl\/wp-content\/uploads\/2022\/01\/Informacja-z-czynnosci-otwarcia-ofert.pdf<\/a><\/p>\n\n\n\n<p>Og\u0142oszenie o wyborze oferty <a href=\"http:\/\/www.zsczudec.pl\/wp-content\/uploads\/2022\/01\/OGLOSZENIE-O-WYBORZE-OFERTY.pdf\">http:\/\/www.zsczudec.pl\/wp-content\/uploads\/2022\/01\/OGLOSZENIE-O-WYBORZE-OFERTY.pdf<\/a> <\/p>\n\n\n\n<p>Og\u0142oszenie o wyniku post\u0119powania 3 <a href=\"http:\/\/www.zsczudec.pl\/wp-content\/uploads\/2022\/01\/ogloszenie-o-wyniku-postepowania-1.pdf\">http:\/\/www.zsczudec.pl\/wp-content\/uploads\/2022\/01\/ogloszenie-o-wyniku-postepowania-1.pdf<\/a><\/p>\n\n\n\n<p><\/p>\n\n\n\n<p><strong>Przetarg 2<\/strong> Sukcesywna dostawa artyku\u0142\u00f3w spo\u017cywczych dla Centrum Kszta\u0142cenia Zawodowego w Czudcu z dnia 07.12.2021<\/p>\n\n\n\n<p>Og\u0142oszenie o zam\u00f3wieniu <a href=\"http:\/\/www.zsczudec.pl\/wp-content\/uploads\/2021\/12\/Ogloszenie-o-zamowieniu2.pdf\">http:\/\/www.zsczudec.pl\/wp-content\/uploads\/2021\/12\/Ogloszenie-o-zamowieniu2.pdf<\/a><\/p>\n\n\n\n<p>Identyfikator post\u0119powania <a href=\"http:\/\/www.zsczudec.pl\/wp-content\/uploads\/2021\/12\/Identyfikator-postepowania2.docx\">http:\/\/www.zsczudec.pl\/wp-content\/uploads\/2021\/12\/Identyfikator-postepowania2.docx<\/a><\/p>\n\n\n\n<p>SWZ <a href=\"http:\/\/www.zsczudec.pl\/wp-content\/uploads\/2021\/12\/SWZ2.pdf\">http:\/\/www.zsczudec.pl\/wp-content\/uploads\/2021\/12\/SWZ2.pdf<\/a><\/p>\n\n\n\n<p>Za\u0142\u0105czniki do SWZ <a href=\"http:\/\/www.zsczudec.pl\/wp-content\/uploads\/2021\/12\/Zalaczniki-do-SWZ-1.zip\">http:\/\/www.zsczudec.pl\/wp-content\/uploads\/2021\/12\/Zalaczniki-do-SWZ-1.zip<\/a><\/p>\n\n\n\n<p>Og\u0142oszenie o kwocie <a href=\"http:\/\/www.zsczudec.pl\/wp-content\/uploads\/2021\/12\/informacja-dotyczaca-kwoty.pdf\">http:\/\/www.zsczudec.pl\/wp-content\/uploads\/2021\/12\/informacja-dotyczaca-kwoty.pdf<\/a><\/p>\n\n\n\n<p>Informacja o czynno\u015bci otwarcia oferty <a href=\"http:\/\/www.zsczudec.pl\/wp-content\/uploads\/2021\/12\/Informacja-z-otwarcia-ofert-15.12.2021r.docx\">http:\/\/www.zsczudec.pl\/wp-content\/uploads\/2021\/12\/Informacja-z-otwarcia-ofert-15.12.2021r.docx<\/a><\/p>\n\n\n\n<p>Informacja o czynno\u015bci otwarcia ofert <a href=\"http:\/\/www.zsczudec.pl\/wp-content\/uploads\/2021\/12\/Informacja-z-czynosci-otwarcia-ofert.pdf\">http:\/\/www.zsczudec.pl\/wp-content\/uploads\/2021\/12\/Informacja-z-czynosci-otwarcia-ofert.pdf<\/a><\/p>\n\n\n\n<p>Og\u0142oszenie o wyborze najkorzystniejszej oferty <a href=\"http:\/\/www.zsczudec.pl\/wp-content\/uploads\/2021\/12\/Ogloszenie-o-wyborze-najkorzystniejszej-oferty-1.pdf\">http:\/\/www.zsczudec.pl\/wp-content\/uploads\/2021\/12\/Ogloszenie-o-wyborze-najkorzystniejszej-oferty-1.pdf<\/a><\/p>\n\n\n\n<p>Og\u0142oszenie o wyniku post\u0119powania 2 <a href=\"http:\/\/www.zsczudec.pl\/wp-content\/uploads\/2022\/01\/ogloszenie-o-wyniku-postepowania.pdf\">http:\/\/www.zsczudec.pl\/wp-content\/uploads\/2022\/01\/ogloszenie-o-wyniku-postepowania.pdf<\/a><\/p>\n\n\n\n<p>Przetarg 1 Sukcesywna dostawa artyku\u0142\u00f3w spo\u017cywczych dla Centrum Kszta\u0142cenia Zawodowego w Czudcu z dnia 19.11.2021<\/p>\n\n\n\n<p>Og\u0142oszenie o zako\u0144czeniu post\u0119powania <a href=\"http:\/\/www.zsczudec.pl\/wp-content\/uploads\/2021\/12\/ogloszenie-o-zakonczeniu-postepowania.pdf\">http:\/\/www.zsczudec.pl\/wp-content\/uploads\/2021\/12\/ogloszenie-o-zakonczeniu-postepowania.pdf<\/a><\/p>\n\n\n\n<ul class=\"wp-block-list\">\n<li>og\u0142oszenie o zam\u00f3wieniu<a href=\"http:\/\/www.zsczudec.pl\/wp-content\/uploads\/2021\/11\/Ogloszenie-o-zamowieniu-2.pdf\" target=\"_blank\" rel=\"noreferrer noopener\">http:\/\/www.zsczudec.pl\/wp-content\/uploads\/2021\/11\/Ogloszenie-o-zamowieniu-2.pdf<\/a> <\/li>\n<\/ul>\n\n\n\n<ul class=\"wp-block-list\">\n<li>Identyfikator post\u0119powania<a href=\"http:\/\/www.zsczudec.pl\/wp-content\/uploads\/2021\/11\/Identyfikator-postepowania-1.txt\" target=\"_blank\" rel=\"noreferrer noopener\">http:\/\/www.zsczudec.pl\/wp-content\/uploads\/2021\/11\/Identyfikator-postepowania-1.txt<\/a><\/li>\n\n\n\n<li>Za\u0142\u0105czniki<a href=\"http:\/\/www.zsczudec.pl\/wp-content\/uploads\/2021\/11\/Zalaczniki-do-SWZn.zip\" data-type=\"URL\" data-id=\"http:\/\/www.zsczudec.pl\/wp-content\/uploads\/2021\/11\/Zalaczniki-do-SWZn.zip\" target=\"_blank\" rel=\"noreferrer noopener\">http:\/\/www.zsczudec.pl\/wp-content\/uploads\/2021\/11\/Zalaczniki-do-SWZn.zip<\/a><\/li>\n\n\n\n<li>SWZ<a href=\"http:\/\/www.zsczudec.pl\/wp-content\/uploads\/2021\/11\/SWZ-1.docx\" target=\"_blank\" rel=\"noreferrer noopener\">http:\/\/www.zsczudec.pl\/wp-content\/uploads\/2021\/11\/SWZ-1.docx<\/a><\/li>\n\n\n\n<li>og\u0142oszenie o kwocie<a href=\"http:\/\/www.zsczudec.pl\/wp-content\/uploads\/2021\/11\/Ogloszenie-o-kwocie.pdf\">http:\/\/www.zsczudec.pl\/wp-content\/uploads\/2021\/11\/Ogloszenie-o-kwocie.pdf<\/a><\/li>\n\n\n\n<li>Informacja z czynno\u015bci otwarcia ofert<a href=\"http:\/\/www.zsczudec.pl\/wp-content\/uploads\/2021\/12\/informacja-z-otwarcia-ofert-29.11.2021.pdf\" data-type=\"URL\" data-id=\"http:\/\/www.zsczudec.pl\/wp-content\/uploads\/2021\/12\/informacja-z-otwarcia-ofert-29.11.2021.pdf\">http:\/\/www.zsczudec.pl\/wp-content\/uploads\/2021\/12\/informacja-z-otwarcia-ofert-29.11.2021.pdf<\/a><\/li>\n\n\n\n<li>Og\u0142oszenie o wyborze najkorzystniejszej oferty<a href=\"http:\/\/www.zsczudec.pl\/wp-content\/uploads\/2021\/12\/Ogloszenie-o-wyborze-najkorzystniejszej-oferty.pdf\">http:\/\/www.zsczudec.pl\/wp-content\/uploads\/2021\/12\/Ogloszenie-o-wyborze-najkorzystniejszej-oferty.pdf<\/a><\/li>\n<\/ul>\n\n\n\n<p><\/p>\n","protected":false},"excerpt":{"rendered":"<p>\u201eSukcesywna dostawa artyku\u0142\u00f3w spo\u017cywczych dla Centrum Kszta\u0142cenia Zawodowego przy Zespole Szk\u00f3\u0142 w Czudcu w 2026 roku\u201d.Og\u0142oszenie o wszcz\u0119ciu post\u0119powania. Post\u0119powanie prowadzone jest [&hellip;]<\/p>\n","protected":false},"author":1,"featured_media":0,"parent":0,"menu_order":0,"comment_status":"closed","ping_status":"closed","template":"","meta":{"footnotes":""},"class_list":["post-1501","page","type-page","status-publish","hentry"],"_links":{"self":[{"href":"https:\/\/www.zsczudec.pl\/index.php?rest_route=\/wp\/v2\/pages\/1501","targetHints":{"allow":["GET"]}}],"collection":[{"href":"https:\/\/www.zsczudec.pl\/index.php?rest_route=\/wp\/v2\/pages"}],"about":[{"href":"https:\/\/www.zsczudec.pl\/index.php?rest_route=\/wp\/v2\/types\/page"}],"author":[{"embeddable":true,"href":"https:\/\/www.zsczudec.pl\/index.php?rest_route=\/wp\/v2\/users\/1"}],"replies":[{"embeddable":true,"href":"https:\/\/www.zsczudec.pl\/index.php?rest_route=%2Fwp%2Fv2%2Fcomments&post=1501"}],"version-history":[{"count":47,"href":"https:\/\/www.zsczudec.pl\/index.php?rest_route=\/wp\/v2\/pages\/1501\/revisions"}],"predecessor-version":[{"id":2670,"href":"https:\/\/www.zsczudec.pl\/index.php?rest_route=\/wp\/v2\/pages\/1501\/revisions\/2670"}],"wp:attachment":[{"href":"https:\/\/www.zsczudec.pl\/index.php?rest_route=%2Fwp%2Fv2%2Fmedia&parent=1501"}],"curies":[{"name":"wp","href":"https:\/\/api.w.org\/{rel}","templated":true}]}}