{"id":121,"date":"2020-01-17T20:50:05","date_gmt":"2020-01-17T19:50:05","guid":{"rendered":"http:\/\/www.zsczudec.pl\/?page_id=121"},"modified":"2020-02-07T20:57:49","modified_gmt":"2020-02-07T19:57:49","slug":"centrum-ksztalcenia-zawodowego","status":"publish","type":"page","link":"https:\/\/www.zsczudec.pl\/?page_id=121","title":{"rendered":"Centrum Kszta\u0142cenia Zawodowego"},"content":{"rendered":"\n<div class=\"wp-block-columns is-layout-flex wp-container-core-columns-is-layout-28f84493 wp-block-columns-is-layout-flex\">\n<div class=\"wp-block-column is-layout-flow wp-block-column-is-layout-flow\" style=\"flex-basis:66.66%\">\n<p>Nasz obiekt jest nowoczesn\u0105 plac\u00f3wk\u0105 o\u015bwiatow\u0105 po\u0142o\u017con\u0105 przy g\u0142\u00f3wnej trasie komunikacyjnej z&nbsp;Rzeszowa do&nbsp;Krosna.<br><\/p>\n\n\n\n<figure class=\"wp-block-gallery columns-3 is-cropped wp-block-gallery-1 is-layout-flex wp-block-gallery-is-layout-flex\"><ul class=\"blocks-gallery-grid\"><li class=\"blocks-gallery-item\"><figure><a href=\"http:\/\/www.zsczudec.pl\/wp-content\/uploads\/2020\/01\/1-1.jpg\"><img fetchpriority=\"high\" decoding=\"async\" width=\"800\" height=\"600\" src=\"http:\/\/www.zsczudec.pl\/wp-content\/uploads\/2020\/01\/1-1.jpg\" alt=\"\" data-id=\"299\" data-full-url=\"http:\/\/www.zsczudec.pl\/wp-content\/uploads\/2020\/01\/1-1.jpg\" data-link=\"http:\/\/www.zsczudec.pl\/1-2\/\" class=\"wp-image-299\" srcset=\"https:\/\/www.zsczudec.pl\/wp-content\/uploads\/2020\/01\/1-1.jpg 800w, https:\/\/www.zsczudec.pl\/wp-content\/uploads\/2020\/01\/1-1-300x225.jpg 300w, https:\/\/www.zsczudec.pl\/wp-content\/uploads\/2020\/01\/1-1-768x576.jpg 768w, https:\/\/www.zsczudec.pl\/wp-content\/uploads\/2020\/01\/1-1-230x173.jpg 230w, https:\/\/www.zsczudec.pl\/wp-content\/uploads\/2020\/01\/1-1-350x263.jpg 350w, https:\/\/www.zsczudec.pl\/wp-content\/uploads\/2020\/01\/1-1-480x360.jpg 480w\" sizes=\"(max-width: 800px) 100vw, 800px\" \/><\/a><\/figure><\/li><li class=\"blocks-gallery-item\"><figure><a href=\"http:\/\/www.zsczudec.pl\/wp-content\/uploads\/2020\/01\/10-1.jpg\"><img decoding=\"async\" width=\"774\" height=\"518\" src=\"http:\/\/www.zsczudec.pl\/wp-content\/uploads\/2020\/01\/10-1.jpg\" alt=\"\" data-id=\"300\" data-full-url=\"http:\/\/www.zsczudec.pl\/wp-content\/uploads\/2020\/01\/10-1.jpg\" data-link=\"http:\/\/www.zsczudec.pl\/10-2\/\" class=\"wp-image-300\" srcset=\"https:\/\/www.zsczudec.pl\/wp-content\/uploads\/2020\/01\/10-1.jpg 774w, https:\/\/www.zsczudec.pl\/wp-content\/uploads\/2020\/01\/10-1-300x201.jpg 300w, https:\/\/www.zsczudec.pl\/wp-content\/uploads\/2020\/01\/10-1-768x514.jpg 768w, https:\/\/www.zsczudec.pl\/wp-content\/uploads\/2020\/01\/10-1-230x154.jpg 230w, https:\/\/www.zsczudec.pl\/wp-content\/uploads\/2020\/01\/10-1-350x234.jpg 350w, https:\/\/www.zsczudec.pl\/wp-content\/uploads\/2020\/01\/10-1-480x321.jpg 480w\" sizes=\"(max-width: 774px) 100vw, 774px\" \/><\/a><\/figure><\/li><li class=\"blocks-gallery-item\"><figure><a href=\"http:\/\/www.zsczudec.pl\/wp-content\/uploads\/2020\/01\/2-1.jpg\"><img decoding=\"async\" width=\"800\" height=\"600\" src=\"http:\/\/www.zsczudec.pl\/wp-content\/uploads\/2020\/01\/2-1.jpg\" alt=\"\" data-id=\"303\" data-full-url=\"http:\/\/www.zsczudec.pl\/wp-content\/uploads\/2020\/01\/2-1.jpg\" data-link=\"http:\/\/www.zsczudec.pl\/2-2\/\" class=\"wp-image-303\" srcset=\"https:\/\/www.zsczudec.pl\/wp-content\/uploads\/2020\/01\/2-1.jpg 800w, https:\/\/www.zsczudec.pl\/wp-content\/uploads\/2020\/01\/2-1-300x225.jpg 300w, https:\/\/www.zsczudec.pl\/wp-content\/uploads\/2020\/01\/2-1-768x576.jpg 768w, https:\/\/www.zsczudec.pl\/wp-content\/uploads\/2020\/01\/2-1-230x173.jpg 230w, https:\/\/www.zsczudec.pl\/wp-content\/uploads\/2020\/01\/2-1-350x263.jpg 350w, https:\/\/www.zsczudec.pl\/wp-content\/uploads\/2020\/01\/2-1-480x360.jpg 480w\" sizes=\"(max-width: 800px) 100vw, 800px\" \/><\/a><\/figure><\/li><li class=\"blocks-gallery-item\"><figure><a href=\"http:\/\/www.zsczudec.pl\/wp-content\/uploads\/2020\/01\/3-1.jpg\"><img loading=\"lazy\" decoding=\"async\" width=\"800\" height=\"533\" src=\"http:\/\/www.zsczudec.pl\/wp-content\/uploads\/2020\/01\/3-1.jpg\" alt=\"\" data-id=\"304\" data-full-url=\"http:\/\/www.zsczudec.pl\/wp-content\/uploads\/2020\/01\/3-1.jpg\" data-link=\"http:\/\/www.zsczudec.pl\/3-2\/\" class=\"wp-image-304\" srcset=\"https:\/\/www.zsczudec.pl\/wp-content\/uploads\/2020\/01\/3-1.jpg 800w, https:\/\/www.zsczudec.pl\/wp-content\/uploads\/2020\/01\/3-1-300x200.jpg 300w, https:\/\/www.zsczudec.pl\/wp-content\/uploads\/2020\/01\/3-1-768x512.jpg 768w, https:\/\/www.zsczudec.pl\/wp-content\/uploads\/2020\/01\/3-1-230x153.jpg 230w, https:\/\/www.zsczudec.pl\/wp-content\/uploads\/2020\/01\/3-1-350x233.jpg 350w, https:\/\/www.zsczudec.pl\/wp-content\/uploads\/2020\/01\/3-1-480x320.jpg 480w\" sizes=\"(max-width: 800px) 100vw, 800px\" \/><\/a><\/figure><\/li><li class=\"blocks-gallery-item\"><figure><a href=\"http:\/\/www.zsczudec.pl\/wp-content\/uploads\/2020\/01\/4-1.jpg\"><img loading=\"lazy\" decoding=\"async\" width=\"800\" height=\"600\" src=\"http:\/\/www.zsczudec.pl\/wp-content\/uploads\/2020\/01\/4-1.jpg\" alt=\"\" data-id=\"305\" data-full-url=\"http:\/\/www.zsczudec.pl\/wp-content\/uploads\/2020\/01\/4-1.jpg\" data-link=\"http:\/\/www.zsczudec.pl\/4-2\/\" class=\"wp-image-305\" srcset=\"https:\/\/www.zsczudec.pl\/wp-content\/uploads\/2020\/01\/4-1.jpg 800w, https:\/\/www.zsczudec.pl\/wp-content\/uploads\/2020\/01\/4-1-300x225.jpg 300w, https:\/\/www.zsczudec.pl\/wp-content\/uploads\/2020\/01\/4-1-768x576.jpg 768w, https:\/\/www.zsczudec.pl\/wp-content\/uploads\/2020\/01\/4-1-230x173.jpg 230w, https:\/\/www.zsczudec.pl\/wp-content\/uploads\/2020\/01\/4-1-350x263.jpg 350w, https:\/\/www.zsczudec.pl\/wp-content\/uploads\/2020\/01\/4-1-480x360.jpg 480w\" sizes=\"(max-width: 800px) 100vw, 800px\" \/><\/a><\/figure><\/li><li class=\"blocks-gallery-item\"><figure><a href=\"http:\/\/www.zsczudec.pl\/wp-content\/uploads\/2020\/01\/5-1.jpg\"><img loading=\"lazy\" decoding=\"async\" width=\"500\" height=\"667\" src=\"http:\/\/www.zsczudec.pl\/wp-content\/uploads\/2020\/01\/5-1.jpg\" alt=\"\" data-id=\"306\" data-full-url=\"http:\/\/www.zsczudec.pl\/wp-content\/uploads\/2020\/01\/5-1.jpg\" data-link=\"http:\/\/www.zsczudec.pl\/5-2\/\" class=\"wp-image-306\" srcset=\"https:\/\/www.zsczudec.pl\/wp-content\/uploads\/2020\/01\/5-1.jpg 500w, https:\/\/www.zsczudec.pl\/wp-content\/uploads\/2020\/01\/5-1-225x300.jpg 225w, https:\/\/www.zsczudec.pl\/wp-content\/uploads\/2020\/01\/5-1-230x307.jpg 230w, https:\/\/www.zsczudec.pl\/wp-content\/uploads\/2020\/01\/5-1-350x467.jpg 350w, https:\/\/www.zsczudec.pl\/wp-content\/uploads\/2020\/01\/5-1-480x640.jpg 480w\" sizes=\"(max-width: 500px) 100vw, 500px\" \/><\/a><\/figure><\/li><li class=\"blocks-gallery-item\"><figure><a href=\"http:\/\/www.zsczudec.pl\/wp-content\/uploads\/2020\/01\/6-1.jpg\"><img loading=\"lazy\" decoding=\"async\" width=\"800\" height=\"600\" src=\"http:\/\/www.zsczudec.pl\/wp-content\/uploads\/2020\/01\/6-1.jpg\" alt=\"\" data-id=\"307\" data-full-url=\"http:\/\/www.zsczudec.pl\/wp-content\/uploads\/2020\/01\/6-1.jpg\" data-link=\"http:\/\/www.zsczudec.pl\/6-2\/\" class=\"wp-image-307\" srcset=\"https:\/\/www.zsczudec.pl\/wp-content\/uploads\/2020\/01\/6-1.jpg 800w, https:\/\/www.zsczudec.pl\/wp-content\/uploads\/2020\/01\/6-1-300x225.jpg 300w, https:\/\/www.zsczudec.pl\/wp-content\/uploads\/2020\/01\/6-1-768x576.jpg 768w, https:\/\/www.zsczudec.pl\/wp-content\/uploads\/2020\/01\/6-1-230x173.jpg 230w, https:\/\/www.zsczudec.pl\/wp-content\/uploads\/2020\/01\/6-1-350x263.jpg 350w, https:\/\/www.zsczudec.pl\/wp-content\/uploads\/2020\/01\/6-1-480x360.jpg 480w\" sizes=\"(max-width: 800px) 100vw, 800px\" \/><\/a><\/figure><\/li><li class=\"blocks-gallery-item\"><figure><a href=\"http:\/\/www.zsczudec.pl\/wp-content\/uploads\/2020\/01\/7-1.jpg\"><img loading=\"lazy\" decoding=\"async\" width=\"450\" height=\"600\" src=\"http:\/\/www.zsczudec.pl\/wp-content\/uploads\/2020\/01\/7-1.jpg\" alt=\"\" data-id=\"308\" data-full-url=\"http:\/\/www.zsczudec.pl\/wp-content\/uploads\/2020\/01\/7-1.jpg\" data-link=\"http:\/\/www.zsczudec.pl\/7-2\/\" class=\"wp-image-308\" srcset=\"https:\/\/www.zsczudec.pl\/wp-content\/uploads\/2020\/01\/7-1.jpg 450w, https:\/\/www.zsczudec.pl\/wp-content\/uploads\/2020\/01\/7-1-225x300.jpg 225w, https:\/\/www.zsczudec.pl\/wp-content\/uploads\/2020\/01\/7-1-230x307.jpg 230w, https:\/\/www.zsczudec.pl\/wp-content\/uploads\/2020\/01\/7-1-350x467.jpg 350w\" sizes=\"(max-width: 450px) 100vw, 450px\" \/><\/a><\/figure><\/li><li class=\"blocks-gallery-item\"><figure><a href=\"http:\/\/www.zsczudec.pl\/wp-content\/uploads\/2020\/01\/8-1.jpg\"><img loading=\"lazy\" decoding=\"async\" width=\"800\" height=\"533\" src=\"http:\/\/www.zsczudec.pl\/wp-content\/uploads\/2020\/01\/8-1.jpg\" alt=\"\" data-id=\"309\" data-full-url=\"http:\/\/www.zsczudec.pl\/wp-content\/uploads\/2020\/01\/8-1.jpg\" data-link=\"http:\/\/www.zsczudec.pl\/8-2\/\" class=\"wp-image-309\" srcset=\"https:\/\/www.zsczudec.pl\/wp-content\/uploads\/2020\/01\/8-1.jpg 800w, https:\/\/www.zsczudec.pl\/wp-content\/uploads\/2020\/01\/8-1-300x200.jpg 300w, https:\/\/www.zsczudec.pl\/wp-content\/uploads\/2020\/01\/8-1-768x512.jpg 768w, https:\/\/www.zsczudec.pl\/wp-content\/uploads\/2020\/01\/8-1-230x153.jpg 230w, https:\/\/www.zsczudec.pl\/wp-content\/uploads\/2020\/01\/8-1-350x233.jpg 350w, https:\/\/www.zsczudec.pl\/wp-content\/uploads\/2020\/01\/8-1-480x320.jpg 480w\" sizes=\"(max-width: 800px) 100vw, 800px\" \/><\/a><\/figure><\/li><li class=\"blocks-gallery-item\"><figure><a href=\"http:\/\/www.zsczudec.pl\/wp-content\/uploads\/2020\/01\/9-1.jpg\"><img loading=\"lazy\" decoding=\"async\" width=\"800\" height=\"533\" src=\"http:\/\/www.zsczudec.pl\/wp-content\/uploads\/2020\/01\/9-1.jpg\" alt=\"\" data-id=\"310\" data-full-url=\"http:\/\/www.zsczudec.pl\/wp-content\/uploads\/2020\/01\/9-1.jpg\" data-link=\"http:\/\/www.zsczudec.pl\/9-2\/\" class=\"wp-image-310\" srcset=\"https:\/\/www.zsczudec.pl\/wp-content\/uploads\/2020\/01\/9-1.jpg 800w, https:\/\/www.zsczudec.pl\/wp-content\/uploads\/2020\/01\/9-1-300x200.jpg 300w, https:\/\/www.zsczudec.pl\/wp-content\/uploads\/2020\/01\/9-1-768x512.jpg 768w, https:\/\/www.zsczudec.pl\/wp-content\/uploads\/2020\/01\/9-1-230x153.jpg 230w, https:\/\/www.zsczudec.pl\/wp-content\/uploads\/2020\/01\/9-1-350x233.jpg 350w, https:\/\/www.zsczudec.pl\/wp-content\/uploads\/2020\/01\/9-1-480x320.jpg 480w\" sizes=\"(max-width: 800px) 100vw, 800px\" \/><\/a><\/figure><\/li><li class=\"blocks-gallery-item\"><figure><a href=\"http:\/\/www.zsczudec.pl\/wp-content\/uploads\/2020\/01\/11-1.jpg\"><img loading=\"lazy\" decoding=\"async\" width=\"774\" height=\"518\" src=\"http:\/\/www.zsczudec.pl\/wp-content\/uploads\/2020\/01\/11-1.jpg\" alt=\"\" data-id=\"301\" data-full-url=\"http:\/\/www.zsczudec.pl\/wp-content\/uploads\/2020\/01\/11-1.jpg\" data-link=\"http:\/\/www.zsczudec.pl\/11-2\/\" class=\"wp-image-301\" srcset=\"https:\/\/www.zsczudec.pl\/wp-content\/uploads\/2020\/01\/11-1.jpg 774w, https:\/\/www.zsczudec.pl\/wp-content\/uploads\/2020\/01\/11-1-300x201.jpg 300w, https:\/\/www.zsczudec.pl\/wp-content\/uploads\/2020\/01\/11-1-768x514.jpg 768w, https:\/\/www.zsczudec.pl\/wp-content\/uploads\/2020\/01\/11-1-230x154.jpg 230w, https:\/\/www.zsczudec.pl\/wp-content\/uploads\/2020\/01\/11-1-350x234.jpg 350w, https:\/\/www.zsczudec.pl\/wp-content\/uploads\/2020\/01\/11-1-480x321.jpg 480w\" sizes=\"(max-width: 774px) 100vw, 774px\" \/><\/a><\/figure><\/li><li class=\"blocks-gallery-item\"><figure><a href=\"http:\/\/www.zsczudec.pl\/wp-content\/uploads\/2020\/01\/12-1.jpg\"><img loading=\"lazy\" decoding=\"async\" width=\"450\" height=\"600\" src=\"http:\/\/www.zsczudec.pl\/wp-content\/uploads\/2020\/01\/12-1.jpg\" alt=\"\" data-id=\"302\" data-full-url=\"http:\/\/www.zsczudec.pl\/wp-content\/uploads\/2020\/01\/12-1.jpg\" data-link=\"http:\/\/www.zsczudec.pl\/12-2\/\" class=\"wp-image-302\" srcset=\"https:\/\/www.zsczudec.pl\/wp-content\/uploads\/2020\/01\/12-1.jpg 450w, https:\/\/www.zsczudec.pl\/wp-content\/uploads\/2020\/01\/12-1-225x300.jpg 225w, https:\/\/www.zsczudec.pl\/wp-content\/uploads\/2020\/01\/12-1-230x307.jpg 230w, https:\/\/www.zsczudec.pl\/wp-content\/uploads\/2020\/01\/12-1-350x467.jpg 350w\" sizes=\"(max-width: 450px) 100vw, 450px\" \/><\/a><\/figure><\/li><\/ul><\/figure>\n\n\n\n<p><strong>W pracowniach gastronomicznych<\/strong>&nbsp;tj. kuchni, sali konsumpcyjnej odbywaj\u0105 si\u0119 zaj\u0119cia praktyczne oraz praktyki zawodowe uczni\u00f3w kszta\u0142c\u0105cych si\u0119 w&nbsp;zawodach:<\/p>\n\n\n\n<ul class=\"wp-block-list\"><li>technik \u017cywienia i gospodarstwa domowego<\/li><li>technik \u017cywienia i us\u0142ug gastronomicznych<\/li><li>kucharz<\/li><li>kelner<\/li><\/ul>\n\n\n\n<p><strong>W pracowniach hotelarskich<\/strong>&nbsp;tj. recepcji, pokojach noclegowych odbywaj\u0105 si\u0119 zaj\u0119cia praktyczne oraz praktyki zawodowe uczni\u00f3w kszta\u0142c\u0105cych si\u0119 w zawodach:<\/p>\n\n\n\n<ul class=\"wp-block-list\"><li>technik hotelarstwa<\/li><\/ul>\n\n\n\n<p>W naszej plac\u00f3wce zapewniamy opiek\u0119 i nadz\u00f3r pedagogiczny wykwalifikowanej kadry nauczycielskiej oraz realizacj\u0119 obowi\u0105zuj\u0105cych program\u00f3w nauczania.<\/p>\n\n\n\n<p>Ponadto w naszym obiekcie gwarantujemy bardzo dobr\u0105 i&nbsp;atrakcyjn\u0105 cenowo<strong>&nbsp;kuchni\u0119 domow\u0105&nbsp;<\/strong>a rozbudowane zaplecze gastronomiczne umo\u017cliwia realizacj\u0119 zar\u00f3wno<strong>&nbsp;imprez okoliczno\u015bciowych jak i integracyjnych<\/strong>.<\/p>\n\n\n\n<p><strong>Organizujemy:<\/strong><\/p>\n\n\n\n<ul class=\"wp-block-list\"><li>szkolenia,<\/li><li>konferencje,<\/li><li>komunie,<\/li><li>przyj\u0119cia weselne,<\/li><li>przyj\u0119cia okoliczno\u015bciowe.<\/li><\/ul>\n\n\n\n<p>Szczeg\u00f3\u0142owe informacje o naszym obiekcie mo\u017cna uzyska\u0107 kontaktuj\u0105c si\u0119 z nami telefonicznie: 509432540 lub za po\u015brednictwem poczty elektronicznej na adres email:&nbsp;<a href=\"mailto:mto31@interia.pl\">mto31@interia.pl<\/a>.<\/p>\n\n\n\n<p><strong>Serdecznie zapraszamy do korzystania z naszych us\u0142ug.<\/strong><\/p>\n<\/div>\n\n\n\n<div class=\"wp-block-column is-layout-flow wp-block-column-is-layout-flow\" style=\"flex-basis:33.33%\">\n<h2 class=\"wp-block-heading\">Menu<\/h2>\n\n\n\n<p><a href=\"http:\/\/www.zsczudec.pl\/centrum-ksztalcenia-zawodowego\/\">O Nas<\/a><\/p>\n\n\n\n<p><a href=\"http:\/\/www.zsczudec.pl\/ckp-menu-na-przyjecia\/\">Menu na przyj\u0119cia<\/a><\/p>\n\n\n\n<p><a href=\"http:\/\/www.zsczudec.pl\/jadlospis\/\">Jad\u0142ospis<\/a><\/p>\n\n\n\n<p><a href=\"http:\/\/www.zsczudec.pl\/centrum-kszalcenia-praktycznego-galeria\/\">Galeria<\/a><\/p>\n\n\n\n<p><a href=\"http:\/\/www.zsczudec.pl\/ckp-personel\/\">Personel<\/a><\/p>\n\n\n\n<p><a href=\"http:\/\/www.zsczudec.pl\/ckp-kontakt\/\">Kontakt<\/a><\/p>\n\n\n\n<p><\/p>\n\n\n\n<p><\/p>\n<\/div>\n<\/div>\n","protected":false},"excerpt":{"rendered":"<p>Nasz obiekt jest nowoczesn\u0105 plac\u00f3wk\u0105 o\u015bwiatow\u0105 po\u0142o\u017con\u0105 przy g\u0142\u00f3wnej trasie komunikacyjnej z&nbsp;Rzeszowa do&nbsp;Krosna. W pracowniach gastronomicznych&nbsp;tj. kuchni, sali konsumpcyjnej odbywaj\u0105 si\u0119 zaj\u0119cia [&hellip;]<\/p>\n","protected":false},"author":1,"featured_media":0,"parent":0,"menu_order":0,"comment_status":"closed","ping_status":"closed","template":"page-templates\/page_fullwidth.php","meta":{"footnotes":""},"class_list":["post-121","page","type-page","status-publish","hentry"],"_links":{"self":[{"href":"https:\/\/www.zsczudec.pl\/index.php?rest_route=\/wp\/v2\/pages\/121","targetHints":{"allow":["GET"]}}],"collection":[{"href":"https:\/\/www.zsczudec.pl\/index.php?rest_route=\/wp\/v2\/pages"}],"about":[{"href":"https:\/\/www.zsczudec.pl\/index.php?rest_route=\/wp\/v2\/types\/page"}],"author":[{"embeddable":true,"href":"https:\/\/www.zsczudec.pl\/index.php?rest_route=\/wp\/v2\/users\/1"}],"replies":[{"embeddable":true,"href":"https:\/\/www.zsczudec.pl\/index.php?rest_route=%2Fwp%2Fv2%2Fcomments&post=121"}],"version-history":[{"count":17,"href":"https:\/\/www.zsczudec.pl\/index.php?rest_route=\/wp\/v2\/pages\/121\/revisions"}],"predecessor-version":[{"id":1483,"href":"https:\/\/www.zsczudec.pl\/index.php?rest_route=\/wp\/v2\/pages\/121\/revisions\/1483"}],"wp:attachment":[{"href":"https:\/\/www.zsczudec.pl\/index.php?rest_route=%2Fwp%2Fv2%2Fmedia&parent=121"}],"curies":[{"name":"wp","href":"https:\/\/api.w.org\/{rel}","templated":true}]}}