{"id":116,"date":"2020-01-17T15:30:31","date_gmt":"2020-01-17T14:30:31","guid":{"rendered":"http:\/\/www.zsczudec.pl\/?page_id=116"},"modified":"2025-04-24T12:37:05","modified_gmt":"2025-04-24T10:37:05","slug":"branzowa-szkola-i-stopnia","status":"publish","type":"page","link":"https:\/\/www.zsczudec.pl\/?page_id=116","title":{"rendered":"Bran\u017cowa Szko\u0142a I Stopnia"},"content":{"rendered":"\n<p class=\"has-vivid-cyan-blue-background-color has-text-color has-background\" style=\"color:#ffffff\"> <strong>Lista zawod\u00f3w w kt\u00f3rych kszta\u0142cenie przedmiot\u00f3w teoretycznych zawodowych odbywa si\u0119 na kursach wyjazdowych &#8211; klasa wielozawodowa<\/strong> <\/p>\n\n\n\n<figure class=\"wp-block-table\"><table><tbody><tr><td><strong>Symbol cyfrowy zawodu<\/strong><\/td><td><strong>Nazwa zawodu<\/strong><\/td><td><strong>Nazwy kwalifikacji wyodr\u0119bnionych<\/strong><br><strong>w zawodzie<\/strong><\/td><\/tr><tr><td><strong>522301<\/strong><\/td><td><strong>sprzedawca<\/strong><\/td><td>&nbsp;<\/td><\/tr><tr><td><strong>514101<\/strong><\/td><td><strong>fryzjer<\/strong><\/td><td>&nbsp;<\/td><\/tr><tr><td><strong>751201<\/strong><\/td><td><strong>cukiernik<\/strong><\/td><td>&nbsp;<\/td><\/tr><tr><td><strong>722204<\/strong><\/td><td><strong>\u015blusarz<\/strong><\/td><td>&nbsp;<\/td><\/tr><tr><td><strong>512001<\/strong><\/td><td><strong>kucharz<\/strong><\/td><td>&nbsp;<\/td><\/tr><tr><td><strong>712905<\/strong><\/td><td><strong>monter zabudowy i&nbsp;&nbsp;rob\u00f3t wyko\u0144czeniowych w budownictwie<\/strong><\/td><td>&nbsp;<\/td><\/tr><tr><td><strong>711501<\/strong><\/td><td><strong>cie\u015bla<\/strong><\/td><td>&nbsp;<\/td><\/tr><tr><td><strong>711204<\/strong><\/td><td><strong>Murarz-tynkarz<\/strong><\/td><td>&nbsp;<\/td><\/tr><tr><td><strong>741103<\/strong><\/td><td><strong>Elektryk<\/strong><\/td><td>&nbsp;<\/td><\/tr><tr><td><strong>751204<\/strong><\/td><td><strong>Piekarz<\/strong><\/td><td>&nbsp;<\/td><\/tr><tr><td><strong>752205<\/strong><\/td><td><strong>Stolarz<\/strong><\/td><td>&nbsp;<\/td><\/tr><tr><td>723103<\/td><td>Mechanik pojazd\u00f3w samochodowych<\/td><td><\/td><\/tr><tr><td><strong>911205<\/strong><\/td><td><strong>Pracownik pomocniczy obs\u0142ugi hotelowej<\/strong><strong><em>(kszta\u0142cenie os\u00f3b z niepe\u0142nosprawno\u015bci\u0105 intelektualn\u0105 w stopniu lekkim)<\/em><\/strong><\/td><td>&nbsp;<\/td><\/tr><tr><td>\u00a0941203<\/td><td><strong>\u00a0Pracownik pomocniczy gastronomii<em>(kszta\u0142cenie os\u00f3b z niepe\u0142nosprawno\u015bci\u0105 intelektualn\u0105 w stopniu lekkim)<\/em><\/strong><\/td><td>&nbsp;<\/td><\/tr><\/tbody><\/table><\/figure>\n","protected":false},"excerpt":{"rendered":"<p>Lista zawod\u00f3w w kt\u00f3rych kszta\u0142cenie przedmiot\u00f3w teoretycznych zawodowych odbywa si\u0119 na kursach wyjazdowych &#8211; klasa wielozawodowa Symbol cyfrowy zawodu Nazwa zawodu Nazwy [&hellip;]<\/p>\n","protected":false},"author":1,"featured_media":0,"parent":0,"menu_order":0,"comment_status":"closed","ping_status":"closed","template":"","meta":{"footnotes":""},"class_list":["post-116","page","type-page","status-publish","hentry"],"_links":{"self":[{"href":"https:\/\/www.zsczudec.pl\/index.php?rest_route=\/wp\/v2\/pages\/116","targetHints":{"allow":["GET"]}}],"collection":[{"href":"https:\/\/www.zsczudec.pl\/index.php?rest_route=\/wp\/v2\/pages"}],"about":[{"href":"https:\/\/www.zsczudec.pl\/index.php?rest_route=\/wp\/v2\/types\/page"}],"author":[{"embeddable":true,"href":"https:\/\/www.zsczudec.pl\/index.php?rest_route=\/wp\/v2\/users\/1"}],"replies":[{"embeddable":true,"href":"https:\/\/www.zsczudec.pl\/index.php?rest_route=%2Fwp%2Fv2%2Fcomments&post=116"}],"version-history":[{"count":5,"href":"https:\/\/www.zsczudec.pl\/index.php?rest_route=\/wp\/v2\/pages\/116\/revisions"}],"predecessor-version":[{"id":2568,"href":"https:\/\/www.zsczudec.pl\/index.php?rest_route=\/wp\/v2\/pages\/116\/revisions\/2568"}],"wp:attachment":[{"href":"https:\/\/www.zsczudec.pl\/index.php?rest_route=%2Fwp%2Fv2%2Fmedia&parent=116"}],"curies":[{"name":"wp","href":"https:\/\/api.w.org\/{rel}","templated":true}]}}