{"id":112,"date":"2020-01-17T15:24:16","date_gmt":"2020-01-17T14:24:16","guid":{"rendered":"http:\/\/www.zsczudec.pl\/?page_id=112"},"modified":"2023-03-30T10:08:08","modified_gmt":"2023-03-30T08:08:08","slug":"innowacje-zawodowe","status":"publish","type":"page","link":"https:\/\/www.zsczudec.pl\/?page_id=112","title":{"rendered":"Innowacje zawodowe"},"content":{"rendered":"\n<h5 class=\"has-vivid-cyan-blue-color has-text-color wp-block-heading\">Nowy kierunek kszta\u0142cenia \u2013 technik architektury krajobrazu<\/h5>\n\n\n\n<p>Ad. 1.<\/p>\n\n\n\n<ul class=\"wp-block-list\"><li>warsztaty dydaktyczne \u2013 \u201eKuchnia \u015bwiata\u201d<\/li><li>warsztaty z kulturoznawc\u0105 (poznanie kultury jedzenia i zachowania si\u0119 przy stole z uwzgl\u0119dnieniem zwyczaj\u00f3w panuj\u0105cych w r\u00f3\u017cnych stron \u015bwiata).<\/li><li>warsztaty dydaktyczne \u201eAkademia Sushi\u201d<\/li><li>warsztaty dydaktyczne \u201eOwoce morza Kuchnia \u015ar\u00f3dziemnomorska\u201d<\/li><li>dietetyka kuchni \u015bwiata<\/li><li>wtym zakresie organizowana wycieczka dydaktyczna 2 \u2013 dniowa oraz sta\u017ce (p\u0142atne 4 tygodniowe w Hiszpanii lub W\u0142oszech)<\/li><\/ul>\n\n\n\n<p>Ad 2.<\/p>\n\n\n\n<ul class=\"wp-block-list\"><li>warsztaty dydaktyczne &#8211;&nbsp; z zakresu \u017ar\u00f3de\u0142 energii odnawialnej<\/li><li>warsztaty dydaktyczne \u2013 kolektory s\u0142oneczne<\/li><li>warsztaty dydaktyczne \u2013 pompy ciep\u0142a \u2013 monta\u017c i instalacja<\/li><li>wycieczka dydaktyczna \u2013 Centrum Kopernika<\/li><li>seminarium techniczne \u2013 \u017ar\u00f3d\u0142a energii odnawialnej<\/li><li>sta\u017ce 4 tygodniowe (p\u0142atne)&nbsp; zagraniczne i w kraju.<\/li><\/ul>\n\n\n\n<p>Ad 3.<\/p>\n\n\n\n<ul class=\"wp-block-list\"><li>zaj\u0119cia matematyczne rozszerzone o zaj\u0119cia e- learningowe (kszta\u0142cenie na odleg\u0142o\u015b\u0107)<br>Wykorzystanie umiej\u0119tno\u015bci nabytych na kursach e-learningowych&nbsp; jako metody pracy na prowadzenie zaj\u0119\u0107 z&nbsp;matematyki<\/li><li>tre\u015b\u0107 zada\u0144 i przyk\u0142ady bezpo\u015brednio b\u0119d\u0105 zwi\u0105zane z danym kierunkiem kszta\u0142cenia<\/li><li>materia\u0142y dydaktyczne dla klas I-IV<\/li><li>konkursy matematyczne- najlepsi uczniowie wyjad\u0105 na 5-cio dniowy ob\u00f3z naukowy<\/li><\/ul>\n\n\n\n<p>Nad ca\u0142o\u015bci\u0105 dzia\u0142a\u0144 b\u0119dzie czuwa\u0142 matematyk \u2013 specjalista ds. kszta\u0142cenia na odleg\u0142o\u015b\u0107.<\/p>\n","protected":false},"excerpt":{"rendered":"<p>Nowy kierunek kszta\u0142cenia \u2013 technik architektury krajobrazu Ad. 1. warsztaty dydaktyczne \u2013 \u201eKuchnia \u015bwiata\u201d warsztaty z kulturoznawc\u0105 (poznanie kultury jedzenia i zachowania [&hellip;]<\/p>\n","protected":false},"author":1,"featured_media":0,"parent":0,"menu_order":0,"comment_status":"closed","ping_status":"closed","template":"","meta":{"footnotes":""},"class_list":["post-112","page","type-page","status-publish","hentry"],"_links":{"self":[{"href":"https:\/\/www.zsczudec.pl\/index.php?rest_route=\/wp\/v2\/pages\/112","targetHints":{"allow":["GET"]}}],"collection":[{"href":"https:\/\/www.zsczudec.pl\/index.php?rest_route=\/wp\/v2\/pages"}],"about":[{"href":"https:\/\/www.zsczudec.pl\/index.php?rest_route=\/wp\/v2\/types\/page"}],"author":[{"embeddable":true,"href":"https:\/\/www.zsczudec.pl\/index.php?rest_route=\/wp\/v2\/users\/1"}],"replies":[{"embeddable":true,"href":"https:\/\/www.zsczudec.pl\/index.php?rest_route=%2Fwp%2Fv2%2Fcomments&post=112"}],"version-history":[{"count":2,"href":"https:\/\/www.zsczudec.pl\/index.php?rest_route=\/wp\/v2\/pages\/112\/revisions"}],"predecessor-version":[{"id":1793,"href":"https:\/\/www.zsczudec.pl\/index.php?rest_route=\/wp\/v2\/pages\/112\/revisions\/1793"}],"wp:attachment":[{"href":"https:\/\/www.zsczudec.pl\/index.php?rest_route=%2Fwp%2Fv2%2Fmedia&parent=112"}],"curies":[{"name":"wp","href":"https:\/\/api.w.org\/{rel}","templated":true}]}}