{"id":110,"date":"2020-01-17T15:21:55","date_gmt":"2020-01-17T14:21:55","guid":{"rendered":"http:\/\/www.zsczudec.pl\/?page_id=110"},"modified":"2023-04-14T10:58:05","modified_gmt":"2023-04-14T08:58:05","slug":"rada-rodzicow","status":"publish","type":"page","link":"https:\/\/www.zsczudec.pl\/?page_id=110","title":{"rendered":"Rada Rodzic\u00f3w"},"content":{"rendered":"\n<h6 class=\"has-vivid-cyan-blue-color has-text-color wp-block-heading\">Sk\u0142ad Rady Rodzic\u00f3w w roku szkolnym 2022\/2023<\/h6>\n\n\n\n<ol class=\"wp-block-list\"><li>W\u00f3jcik Gra\u017cyna- przewodnicz\u0105ca Rady Rodzic\u00f3w.<\/li><\/ol>\n\n\n\n<p><\/p>\n","protected":false},"excerpt":{"rendered":"<p>Sk\u0142ad Rady Rodzic\u00f3w w roku szkolnym 2022\/2023 W\u00f3jcik Gra\u017cyna- przewodnicz\u0105ca Rady Rodzic\u00f3w.<\/p>\n","protected":false},"author":1,"featured_media":0,"parent":0,"menu_order":0,"comment_status":"closed","ping_status":"closed","template":"","meta":{"footnotes":""},"class_list":["post-110","page","type-page","status-publish","hentry"],"_links":{"self":[{"href":"https:\/\/www.zsczudec.pl\/index.php?rest_route=\/wp\/v2\/pages\/110","targetHints":{"allow":["GET"]}}],"collection":[{"href":"https:\/\/www.zsczudec.pl\/index.php?rest_route=\/wp\/v2\/pages"}],"about":[{"href":"https:\/\/www.zsczudec.pl\/index.php?rest_route=\/wp\/v2\/types\/page"}],"author":[{"embeddable":true,"href":"https:\/\/www.zsczudec.pl\/index.php?rest_route=\/wp\/v2\/users\/1"}],"replies":[{"embeddable":true,"href":"https:\/\/www.zsczudec.pl\/index.php?rest_route=%2Fwp%2Fv2%2Fcomments&post=110"}],"version-history":[{"count":2,"href":"https:\/\/www.zsczudec.pl\/index.php?rest_route=\/wp\/v2\/pages\/110\/revisions"}],"predecessor-version":[{"id":1818,"href":"https:\/\/www.zsczudec.pl\/index.php?rest_route=\/wp\/v2\/pages\/110\/revisions\/1818"}],"wp:attachment":[{"href":"https:\/\/www.zsczudec.pl\/index.php?rest_route=%2Fwp%2Fv2%2Fmedia&parent=110"}],"curies":[{"name":"wp","href":"https:\/\/api.w.org\/{rel}","templated":true}]}}